{"id":11,"date":"2024-04-12T16:22:01","date_gmt":"2024-04-12T14:22:01","guid":{"rendered":"https:\/\/www.thewildmoon.net\/?page_id=11"},"modified":"2025-05-15T13:56:50","modified_gmt":"2025-05-15T11:56:50","slug":"lecture-theme-astral","status":"publish","type":"page","link":"https:\/\/www.thewildmoon.net\/index.php\/lecture-theme-astral\/","title":{"rendered":"Faire mon th\u00e8me astral"},"content":{"rendered":"\n<div class=\"wp-block-cover alignfull is-light\" style=\"margin-top:0;margin-bottom:0;padding-top:0;padding-bottom:0;min-height:808px;aspect-ratio:unset;\"><img fetchpriority=\"high\" decoding=\"async\" width=\"1920\" height=\"1080\" class=\"wp-block-cover__image-background wp-image-115\" alt=\"\" src=\"http:\/\/www.thewildmoon.net\/wp-content\/uploads\/2024\/04\/Banniere-Youtube-2-1.png\" style=\"object-position:70% 76%\" data-object-fit=\"cover\" data-object-position=\"70% 76%\" srcset=\"https:\/\/www.thewildmoon.net\/wp-content\/uploads\/2024\/04\/Banniere-Youtube-2-1.png 1920w, https:\/\/www.thewildmoon.net\/wp-content\/uploads\/2024\/04\/Banniere-Youtube-2-1-300x169.png 300w, https:\/\/www.thewildmoon.net\/wp-content\/uploads\/2024\/04\/Banniere-Youtube-2-1-1024x576.png 1024w, https:\/\/www.thewildmoon.net\/wp-content\/uploads\/2024\/04\/Banniere-Youtube-2-1-768x432.png 768w, https:\/\/www.thewildmoon.net\/wp-content\/uploads\/2024\/04\/Banniere-Youtube-2-1-1536x864.png 1536w\" sizes=\"(max-width: 1920px) 100vw, 1920px\" \/><span aria-hidden=\"true\" class=\"wp-block-cover__background has-white-background-color has-background-dim-10 has-background-dim\"><\/span><div class=\"wp-block-cover__inner-container has-global-padding is-layout-constrained wp-container-core-cover-is-layout-6e7f18e7 wp-block-cover-is-layout-constrained\">\n<h1 class=\"wp-block-heading has-text-align-center has-text-color\" style=\"color:#ffffff;font-size:clamp(46.18px, 2.886rem + ((1vw - 3.2px) * 4.98), 90px);\">Partir \u00e0 la d\u00e9couverte de soi<\/h1>\n<\/div><\/div>\n\n\n\n<p><\/p>\n\n\n\n<h3 class=\"wp-block-heading has-text-align-center has-text-color\" style=\"color:#010101;margin-top:0.5rem;margin-bottom:0rem;font-size:clamp(1.556rem, 1.556rem + ((1vw - 0.2rem) * 1.916), 2.61rem);font-style:normal;font-weight:500;letter-spacing:0px;line-height:1.3\">Je t&#8217;emm\u00e8ne dans un voyage unique.<\/h3>\n\n\n\n<p class=\"has-text-align-center\">Un voyage sp\u00e9cialement d\u00e9di\u00e9 pour toi o\u00f9 tu vas r\u00e9ellement te d\u00e9couvrir, d\u00e9couvrir les profondeurs de ton \u00e2me, d\u00e9couvrir ce qui t&#8217;anime r\u00e9ellement au fond.<\/p>\n\n\n\n<p class=\"has-text-align-center\">Gr\u00e2ce \u00e0 ce voyage sur mesure tu comprendras mieux tes sch\u00e9mas de fonctionnement, tu comprendras mieux ta psych\u00e9, pourquoi certains blocages peuvent se r\u00e9p\u00e9ter dans ta vie, tu comprendras mieux comment les transcender et comment \u00eatre en meilleure phase avec toi-m\u00eame et avec ton \u00e2me.<\/p>\n\n\n\n<p class=\"has-text-align-center\"><strong>Attention je rappelle que je ne suis pas voyante, l&#8217;astrologie n&#8217;est pas de la divination ou n&#8217;est pas faite pour vous dire quoi faire, elle est l\u00e0 pour vous ouvrir \u00e0 diff\u00e9rentes visions, vous ouvrir \u00e0 des opportunit\u00e9s de mieux se comprendre et de se sentir mieux align\u00e9 avec son \u00e2me et sa vie.<\/strong><\/p>\n\n\n\n<p><\/p>\n\n\n\n<div class=\"wp-block-cover alignfull is-light has-border-color has-custom-color-2-color has-text-color\" style=\"border-color:#fffdfd;border-width:6px;border-radius:5px;margin-top:0px;margin-bottom:0px;padding-top:100px;padding-right:20px;padding-bottom:100px;padding-left:20px;min-height:321px;aspect-ratio:unset;\"><span aria-hidden=\"true\" class=\"wp-block-cover__background has-background-dim-40 has-background-dim\" style=\"background-color:#f9cb93\"><\/span><div class=\"wp-block-cover__inner-container has-global-padding is-layout-constrained wp-container-core-cover-is-layout-1667de05 wp-block-cover-is-layout-constrained\">\n<h1 class=\"wp-block-heading has-text-align-center has-text-color\" style=\"color:#010101;margin-bottom:2.5rem;font-size:clamp(21.536px, 1.346rem + ((1vw - 3.2px) * 1.53), 35px);font-style:normal;font-weight:400;letter-spacing:-2px;line-height:1.3\">Toutes les consultations se d\u00e9roulent sur Zoom en visio, avec un enregistrement que je vous envoie par e-mail \u00e0 la suite afin que vous puissiez r\u00e9\u00e9couter en cas de besoin. <\/h1>\n\n\n\n<h1 class=\"wp-block-heading has-text-align-center has-text-color\" style=\"color:#010101;margin-bottom:2.5rem;font-size:clamp(21.536px, 1.346rem + ((1vw - 3.2px) * 1.53), 35px);font-style:normal;font-weight:400;letter-spacing:-2px;line-height:1.3\">Le r\u00e8glement est via Paypal (carte bancaire) c&#8217;est un outil tout \u00e0 fait s\u00e9curis\u00e9 et il n&#8217;est pas n\u00e9cessaire de se cr\u00e9er un compte pour proc\u00e9der au payement.<\/h1>\n<\/div><\/div>\n\n\n\n<div class=\"wp-block-columns alignwide has-medium-font-size is-layout-flex wp-container-core-columns-is-layout-ca23dd7b wp-block-columns-is-layout-flex\" style=\"margin-top:100px;margin-bottom:70px\">\n<div class=\"wp-block-column is-layout-flow wp-block-column-is-layout-flow\" style=\"padding-top:0px;padding-right:0px;padding-bottom:0px;padding-left:0px\">\n<figure class=\"wp-block-image aligncenter size-full has-custom-border\"><img decoding=\"async\" width=\"1080\" height=\"1080\" src=\"https:\/\/www.thewildmoon.net\/wp-content\/uploads\/2024\/04\/Lastrologie-7.png\" alt=\"\" class=\"wp-image-337\" style=\"border-radius:20px;aspect-ratio:2\/3;object-fit:cover\" srcset=\"https:\/\/www.thewildmoon.net\/wp-content\/uploads\/2024\/04\/Lastrologie-7.png 1080w, https:\/\/www.thewildmoon.net\/wp-content\/uploads\/2024\/04\/Lastrologie-7-300x300.png 300w, https:\/\/www.thewildmoon.net\/wp-content\/uploads\/2024\/04\/Lastrologie-7-1024x1024.png 1024w, https:\/\/www.thewildmoon.net\/wp-content\/uploads\/2024\/04\/Lastrologie-7-150x150.png 150w, https:\/\/www.thewildmoon.net\/wp-content\/uploads\/2024\/04\/Lastrologie-7-768x768.png 768w\" sizes=\"(max-width: 1080px) 100vw, 1080px\" \/><\/figure>\n<\/div>\n\n\n\n<div class=\"wp-block-column is-vertically-aligned-center is-layout-flow wp-container-core-column-is-layout-3ca914a4 wp-block-column-is-layout-flow\" style=\"flex-basis:56%\">\n<h4 class=\"wp-block-heading has-text-color\" style=\"color:#000000;font-size:clamp(28.836px, 1.802rem + ((1vw - 3.2px) * 2.405), 50px);font-style:normal;font-weight:400;letter-spacing:-1px\">La formule aventure astro<\/h4>\n\n\n\n<h2 class=\"wp-block-heading has-text-color has-link-color wp-elements-8c7c02e3915e926b852d6567758f06ec\" style=\"color:#000000;font-size:clamp(15.747px, 0.984rem + ((1vw - 3.2px) * 0.938), 24px);\">Dur\u00e9e 40 min &#8211; 85\u20ac &#8211; Consultation en visio conf\u00e9rence + enregistr\u00e9e<\/h2>\n\n\n\n<p style=\"font-size:clamp(14px, 0.875rem + ((1vw - 3.2px) * 0.682), 20px);\">Pars avec moi pour une premi\u00e8re aventure de la d\u00e9couverte de ton th\u00e8me astral&nbsp;!<\/p>\n\n\n\n<p style=\"font-size:clamp(14px, 0.875rem + ((1vw - 3.2px) * 0.682), 20px);\">Qu&#8217;est-ce que la formule aventure&nbsp;?<\/p>\n\n\n\n<p style=\"font-size:clamp(14px, 0.875rem + ((1vw - 3.2px) * 0.682), 20px);\">La formule aventure est une premi\u00e8re approche de ton th\u00e8me astral.<\/p>\n\n\n\n<p style=\"font-size:clamp(14px, 0.875rem + ((1vw - 3.2px) * 0.682), 20px);\">Cette consultation se basera sur les dominantes de ton th\u00e8me&nbsp;: plan\u00e8tes, maisons et signes astrologique dominants et tes n\u0153uds lunaires.<\/p>\n\n\n\n<p style=\"font-size:clamp(14px, 0.875rem + ((1vw - 3.2px) * 0.682), 20px);\">Cette premi\u00e8re aventure t&#8217;aidera \u00e0 en apprendre plus sur toi, sur tes forces, tes points d\u2019\u00e9volution, tes r\u00e9actions, vers quoi es-tu r\u00e9ellement attir\u00e9. C&#8217;est une consultation qui peut t\u2019apporter un v\u00e9ritable coup de boost et qui te permettra de mieux te comprendre et de mieux accepter toutes les parts de toi.<\/p>\n\n\n\n<p style=\"font-size:clamp(14px, 0.875rem + ((1vw - 3.2px) * 0.682), 20px);\">Nous n&#8217;allons pas en profondeur comme la formule road trip, c&#8217;est-\u00e0-dire que nous n&#8217;irons pas dans ton pass\u00e9 pour comprendre tes sch\u00e9mas actuels, ni dans les transits futurs, je n&#8217;utilise pas les transits plan\u00e9taires pour cette formule. On parle de ton th\u00e8me tel qu\u2019il est au moment o\u00f9 tu es n\u00e9, ce qui en indique d\u00e9j\u00e0 \u00e9norm\u00e9ment sur ta v\u00e9ritable personnalit\u00e9&nbsp;!<\/p>\n\n\n\n<p style=\"font-size:clamp(14px, 0.875rem + ((1vw - 3.2px) * 0.682), 20px);\">Dans la formule aventure c\u2019est une premi\u00e8re approche du th\u00e8me sans faire bouger les plan\u00e8tes, c\u2019est une premi\u00e8re lecture de ton th\u00e8me astral. Une premi\u00e8re approche pour comprendre sa psych\u00e9 et son \u00e2me.<\/p>\n\n\n\n<p>Tu pourras bien s\u00fbr me poser n&#8217;importe quelle question lors de cet \u00e9change dans la limite du possible de l&#8217;astrologie.<\/p>\n\n\n\n<div class=\"wp-block-buttons is-layout-flex wp-block-buttons-is-layout-flex\">\n<div class=\"wp-block-button is-style-fill\"><a class=\"wp-block-button__link has-text-color has-background has-small-font-size has-custom-font-size wp-element-button\" href=\"https:\/\/www.thewildmoon.net\/index.php\/formule-aventure-astro\/\" style=\"border-style:none;border-width:0px;color:#000000;background-color:#facc9370;padding-top:11px;padding-right:30px;padding-bottom:11px;padding-left:30px\">Je r\u00e9serve<\/a><\/div>\n<\/div>\n<\/div>\n<\/div>\n\n\n\n<div class=\"wp-block-columns alignwide is-layout-flex wp-container-core-columns-is-layout-60dabb8b wp-block-columns-is-layout-flex\" style=\"margin-top:0px;margin-bottom:70px\">\n<div class=\"wp-block-column is-layout-flow wp-block-column-is-layout-flow\" style=\"padding-top:0px;padding-right:0px;padding-bottom:0px;padding-left:0px\">\n<figure class=\"wp-block-image size-full has-custom-border\"><img decoding=\"async\" width=\"1080\" height=\"1080\" src=\"https:\/\/www.thewildmoon.net\/wp-content\/uploads\/2024\/04\/Lastrologie-8.png\" alt=\"\" class=\"wp-image-339\" style=\"border-radius:20px;aspect-ratio:2\/3;object-fit:cover\" srcset=\"https:\/\/www.thewildmoon.net\/wp-content\/uploads\/2024\/04\/Lastrologie-8.png 1080w, https:\/\/www.thewildmoon.net\/wp-content\/uploads\/2024\/04\/Lastrologie-8-300x300.png 300w, https:\/\/www.thewildmoon.net\/wp-content\/uploads\/2024\/04\/Lastrologie-8-1024x1024.png 1024w, https:\/\/www.thewildmoon.net\/wp-content\/uploads\/2024\/04\/Lastrologie-8-150x150.png 150w, https:\/\/www.thewildmoon.net\/wp-content\/uploads\/2024\/04\/Lastrologie-8-768x768.png 768w\" sizes=\"(max-width: 1080px) 100vw, 1080px\" \/><\/figure>\n<\/div>\n\n\n\n<div class=\"wp-block-column is-vertically-aligned-center is-layout-flow wp-container-core-column-is-layout-3ca914a4 wp-block-column-is-layout-flow\" style=\"flex-basis:56%\">\n<h4 class=\"wp-block-heading has-text-color\" style=\"color:#000000;font-size:clamp(28.836px, 1.802rem + ((1vw - 3.2px) * 2.405), 50px);font-style:normal;font-weight:400;letter-spacing:-1px\">La formule Road trip astro<\/h4>\n\n\n\n<h2 class=\"wp-block-heading\" style=\"font-size:clamp(15.747px, 0.984rem + ((1vw - 3.2px) * 0.938), 24px);\">Dur\u00e9e 1h30 &#8211; 155 \u20ac &#8211; consultation en visioconf\u00e9rence + enregistr\u00e9e avec une copie de votre th\u00e8me astral que je dessine \u00e0 la main<\/h2>\n\n\n\n<p class=\"has-medium-font-size\">Pars avec moi pour le voyage de ta vie, un road trip pour explorer toutes les profondeurs de ton \u00e2me.<\/p>\n\n\n\n<p class=\"has-medium-font-size\">Cette consultation est parfaite si tu veux comprendre les blocages et les sch\u00e9mas qui peuvent se r\u00e9p\u00e9ter et pourquoi. Elle est aussi parfaite pour se rendre compte de ses forces et de ses talents.<\/p>\n\n\n\n<p class=\"has-medium-font-size\">Pourquoi la formule road trip&nbsp;? Car c&#8217;est un v\u00e9ritable voyage au centre de ta vie.<\/p>\n\n\n\n<p class=\"has-medium-font-size\">Tout comme la formule aventure nous allons parler de ton th\u00e8me astral de naissance avec tes dominantes&nbsp;: plan\u00e8tes, maisons et signes astrologiques dominants et aussi tes n\u0153uds lunaires. Mais dans la formule road trip nous allons beaucoup plus en profondeur de ta psych\u00e9 et de ton \u00e2me car j&#8217;utilise la m\u00e9thode des transits plan\u00e9taires.<\/p>\n\n\n\n<p class=\"has-medium-font-size\">Gr\u00e2ce \u00e0 cette m\u00e9thode&nbsp;:<\/p>\n\n\n\n<p class=\"has-medium-font-size\">Nous allons retourner dans ton pass\u00e9, nous parlerons de ta relation familiale, les choses qui ont pu te marquer dans ton enfance et qui peuvent \u00e0 l&#8217;heure actuelle avoir des cons\u00e9quences sur toi et sur ton relationnel avec les autres. Nous parlerons \u00e9galement des transits plan\u00e9taires actuels, c\u2019est-\u00e0-dire que se passe-t-il en ce moment pour toi, quels sont tes opportunit\u00e9s ou tes axes d\u2019am\u00e9lioration du moment.<\/p>\n\n\n\n<p class=\"has-medium-font-size\">Et \u00e9galement des transits plan\u00e9taires futurs, nous verrons quelles nouvelles exp\u00e9riences peuvent se pr\u00e9senter \u00e0 toi \u00e0 des \u00e2ges cl\u00e9s.<\/p>\n\n\n\n<p class=\"has-medium-font-size\">Cette formule t&#8217;aidera \u00e0 mieux comprendre comment s&#8217;est \u00e9tabli ta personnalit\u00e9 au fur et \u00e0 mesure que tu as grandi et mieux comprendre tes sch\u00e9mas de fonctionnement.<\/p>\n\n\n\n<p class=\"has-medium-font-size\">Gr\u00e2ce \u00e0 cette consultation tu accepteras mieux toutes les facettes de toi, tu pourras m\u00eame en d\u00e9couvrir des nouvelles que tu ne soup\u00e7onnais peut-\u00eatre m\u00eame pas, tu auras connaissance de tes r\u00e9els atouts, tu comprendras tout de toi et comment te sentir mieux align\u00e9.<\/p>\n\n\n\n<p class=\"has-medium-font-size\">Tu pourras bien s\u00fbr me poser n&#8217;importe quelle question lors de cet \u00e9change dans la limite du possible de l&#8217;astrologie.<\/p>\n\n\n\n<div class=\"wp-block-buttons is-layout-flex wp-block-buttons-is-layout-flex\">\n<div class=\"wp-block-button is-style-outline is-style-outline--1\"><a class=\"wp-block-button__link has-text-color has-background has-border-color has-small-font-size has-custom-font-size wp-element-button\" href=\"https:\/\/www.thewildmoon.net\/index.php\/formule-road-trip-astro\/\" style=\"border-color:#839376;border-width:1px;color:#000000;background-color:#facc9370;padding-top:11px;padding-right:30px;padding-bottom:11px;padding-left:30px\">Je r\u00e9serve<\/a><\/div>\n<\/div>\n<\/div>\n<\/div>\n\n\n\n<div class=\"wp-block-columns alignwide is-layout-flex wp-container-core-columns-is-layout-9e1216ef wp-block-columns-is-layout-flex\" style=\"margin-top:0px;margin-bottom:100px\">\n<div class=\"wp-block-column is-layout-flow wp-block-column-is-layout-flow\" style=\"padding-top:0px;padding-right:0px;padding-bottom:0px;padding-left:0px\">\n<figure class=\"wp-block-image aligncenter size-full has-custom-border\"><img loading=\"lazy\" decoding=\"async\" width=\"1080\" height=\"1080\" src=\"https:\/\/www.thewildmoon.net\/wp-content\/uploads\/2025\/05\/Lastrologie-13.png\" alt=\"\" class=\"wp-image-401\" style=\"border-radius:20px;aspect-ratio:2\/3;object-fit:cover\" srcset=\"https:\/\/www.thewildmoon.net\/wp-content\/uploads\/2025\/05\/Lastrologie-13.png 1080w, https:\/\/www.thewildmoon.net\/wp-content\/uploads\/2025\/05\/Lastrologie-13-300x300.png 300w, https:\/\/www.thewildmoon.net\/wp-content\/uploads\/2025\/05\/Lastrologie-13-1024x1024.png 1024w, https:\/\/www.thewildmoon.net\/wp-content\/uploads\/2025\/05\/Lastrologie-13-150x150.png 150w, https:\/\/www.thewildmoon.net\/wp-content\/uploads\/2025\/05\/Lastrologie-13-768x768.png 768w\" sizes=\"(max-width: 1080px) 100vw, 1080px\" \/><\/figure>\n<\/div>\n\n\n\n<div class=\"wp-block-column is-vertically-aligned-center is-layout-flow wp-container-core-column-is-layout-3ca914a4 wp-block-column-is-layout-flow\" style=\"flex-basis:56%\">\n<h4 class=\"wp-block-heading has-text-color\" style=\"color:#000000;font-size:clamp(28.366px, 1.773rem + ((1vw - 3.2px) * 2.345), 49px);font-style:normal;font-weight:400;letter-spacing:-1px\">La Boussole Astro<\/h4>\n\n\n\n<p class=\"has-medium-font-size\">Dur\u00e9e 1h &#8211;  95\u20ac &#8211; consultation en visioconf\u00e9rence + enregistr\u00e9e <\/p>\n\n\n\n<p class=\"has-medium-font-size\">Un \u00e9clairage complet sur ton ann\u00e9e et celle \u00e0 venir !&nbsp;<\/p>\n\n\n\n<p class=\"has-medium-font-size\">Les opportunit\u00e9s&nbsp;\u00e0 saisir : quelles p\u00e9riodes seront id\u00e9ales pour lancer tes projets, \u00e9voluer dans ta carri\u00e8re ou encore renforcer tes relations&nbsp;?<\/p>\n\n\n\n<p class=\"has-medium-font-size\">Les d\u00e9fis \u00e0 relever&nbsp;: nous allons identifier ensemble les moments cl\u00e9s o\u00f9 des ajustements seront n\u00e9cessaires afin de te pr\u00e9parer \u00e0 les traverser avec plus de s\u00e9r\u00e9nit\u00e9.<\/p>\n\n\n\n<p class=\"has-medium-font-size\">Un focus sur tes aspirations personnelles&nbsp;: d&#8217;aligner tes envies avec les mouvements astrologiques pour maximiser les r\u00e9sultats.<\/p>\n\n\n\n<p class=\"has-medium-font-size\">Une analyse des transits plan\u00e9taires majeurs de cette ann\u00e9e et d\u00e9couvre comment ils impacteront sp\u00e9cifiquement ton th\u00e8me natal.<\/p>\n\n\n\n<p class=\"has-medium-font-size\">Des conseils pour chaque domaine de ta vie comme la carri\u00e8re, l&#8217;amour, le bien-\u00eatre ou encore les finances.<\/p>\n\n\n\n<div class=\"wp-block-buttons is-layout-flex wp-block-buttons-is-layout-flex\">\n<div class=\"wp-block-button is-style-outline is-style-outline--2\"><a class=\"wp-block-button__link has-text-color has-background has-border-color has-small-font-size has-custom-font-size wp-element-button\" href=\"https:\/\/www.thewildmoon.net\/index.php\/la-boussole-astro\/\" style=\"border-color:#839376;border-width:1px;color:#000000;background-color:#facc9370;padding-top:11px;padding-right:30px;padding-bottom:11px;padding-left:30px\">Je r\u00e9serve<\/a><\/div>\n<\/div>\n<\/div>\n<\/div>\n","protected":false},"excerpt":{"rendered":"<p>Je t&#8217;emm\u00e8ne dans un voyage unique. Un voyage sp\u00e9cialement d\u00e9di\u00e9 pour toi o\u00f9 tu vas r\u00e9ellement te d\u00e9couvrir, d\u00e9couvrir les profondeurs de ton \u00e2me, d\u00e9couvrir ce qui t&#8217;anime r\u00e9ellement au fond. Gr\u00e2ce \u00e0 ce voyage sur mesure tu comprendras mieux tes sch\u00e9mas de fonctionnement, tu comprendras mieux ta psych\u00e9, pourquoi certains blocages peuvent se r\u00e9p\u00e9ter [&hellip;]<\/p>\n","protected":false},"author":1,"featured_media":0,"parent":0,"menu_order":0,"comment_status":"closed","ping_status":"closed","template":"","meta":{"footnotes":""},"class_list":["post-11","page","type-page","status-publish","hentry"],"_links":{"self":[{"href":"https:\/\/www.thewildmoon.net\/index.php\/wp-json\/wp\/v2\/pages\/11","targetHints":{"allow":["GET"]}}],"collection":[{"href":"https:\/\/www.thewildmoon.net\/index.php\/wp-json\/wp\/v2\/pages"}],"about":[{"href":"https:\/\/www.thewildmoon.net\/index.php\/wp-json\/wp\/v2\/types\/page"}],"author":[{"embeddable":true,"href":"https:\/\/www.thewildmoon.net\/index.php\/wp-json\/wp\/v2\/users\/1"}],"replies":[{"embeddable":true,"href":"https:\/\/www.thewildmoon.net\/index.php\/wp-json\/wp\/v2\/comments?post=11"}],"version-history":[{"count":39,"href":"https:\/\/www.thewildmoon.net\/index.php\/wp-json\/wp\/v2\/pages\/11\/revisions"}],"predecessor-version":[{"id":410,"href":"https:\/\/www.thewildmoon.net\/index.php\/wp-json\/wp\/v2\/pages\/11\/revisions\/410"}],"wp:attachment":[{"href":"https:\/\/www.thewildmoon.net\/index.php\/wp-json\/wp\/v2\/media?parent=11"}],"curies":[{"name":"wp","href":"https:\/\/api.w.org\/{rel}","templated":true}]}}