{"id":13,"date":"2024-04-12T16:22:23","date_gmt":"2024-04-12T14:22:23","guid":{"rendered":"https:\/\/www.thewildmoon.net\/?page_id=13"},"modified":"2024-09-16T19:34:30","modified_gmt":"2024-09-16T17:34:30","slug":"actu-astro","status":"publish","type":"page","link":"https:\/\/www.thewildmoon.net\/index.php\/actu-astro\/","title":{"rendered":"Actu astro"},"content":{"rendered":"\n<div class=\"wp-block-cover alignfull\" style=\"margin-top:0;margin-bottom:0;padding-top:0;padding-bottom:0;min-height:426px;aspect-ratio:unset;\"><span aria-hidden=\"true\" class=\"wp-block-cover__background has-black-background-color has-background-dim-20 has-background-dim\"><\/span><img fetchpriority=\"high\" decoding=\"async\" width=\"1920\" height=\"1080\" class=\"wp-block-cover__image-background wp-image-118\" alt=\"\" src=\"http:\/\/www.thewildmoon.net\/wp-content\/uploads\/2024\/04\/Banniere-Youtube-3-2.png\" style=\"object-position:62% 96%\" data-object-fit=\"cover\" data-object-position=\"62% 96%\" srcset=\"https:\/\/www.thewildmoon.net\/wp-content\/uploads\/2024\/04\/Banniere-Youtube-3-2.png 1920w, https:\/\/www.thewildmoon.net\/wp-content\/uploads\/2024\/04\/Banniere-Youtube-3-2-300x169.png 300w, https:\/\/www.thewildmoon.net\/wp-content\/uploads\/2024\/04\/Banniere-Youtube-3-2-1024x576.png 1024w, https:\/\/www.thewildmoon.net\/wp-content\/uploads\/2024\/04\/Banniere-Youtube-3-2-768x432.png 768w, https:\/\/www.thewildmoon.net\/wp-content\/uploads\/2024\/04\/Banniere-Youtube-3-2-1536x864.png 1536w\" sizes=\"(max-width: 1920px) 100vw, 1920px\" \/><div class=\"wp-block-cover__inner-container has-global-padding is-layout-constrained wp-container-core-cover-is-layout-6e7f18e7 wp-block-cover-is-layout-constrained\">\n<h1 class=\"wp-block-heading has-text-align-center has-text-color\" style=\"color:#ffffff;font-size:clamp(40.387px, 2.524rem + ((1vw - 3.2px) * 4.047), 76px);\">Qu&#8217;est-ce qui se passe dans le ciel actuellement ?<\/h1>\n<\/div><\/div>\n\n\n\n<div class=\"wp-block-group alignfull has-global-padding is-layout-constrained wp-container-core-group-is-layout-4383d167 wp-block-group-is-layout-constrained\">\n<div class=\"wp-block-columns alignwide is-layout-flex wp-container-core-columns-is-layout-28f84493 wp-block-columns-is-layout-flex\">\n<div class=\"wp-block-column is-layout-flow wp-block-column-is-layout-flow\">\n<div class=\"wp-block-group alignfull has-global-padding is-layout-constrained wp-container-core-group-is-layout-4383d167 wp-block-group-is-layout-constrained\">\n<div class=\"wp-block-columns alignwide is-layout-flex wp-container-core-columns-is-layout-28f84493 wp-block-columns-is-layout-flex\">\n<div class=\"wp-block-column is-layout-flow wp-block-column-is-layout-flow\">\n<p><\/p>\n\n\n\n<h2 class=\"wp-block-heading has-text-align-center has-text-color\" style=\"color:#000000;font-size:clamp(22.041px, 1.378rem + ((1vw - 3.2px) * 1.586), 36px);\"><strong>La pleine lune en Poissons septembre 2024<\/strong><\/h2>\n\n\n\n<p><\/p>\n\n\n\n<figure class=\"wp-block-embed is-type-video is-provider-youtube wp-block-embed-youtube wp-embed-aspect-16-9 wp-has-aspect-ratio\"><div class=\"wp-block-embed__wrapper\">\n<iframe title=\"Pleine lune en Poissons septembre 2024 - En qu\u00eate d&#039;id\u00e9al\" width=\"500\" height=\"281\" src=\"https:\/\/www.youtube.com\/embed\/xuX-s5S4c_o?start=1&#038;feature=oembed\" frameborder=\"0\" allow=\"accelerometer; autoplay; clipboard-write; encrypted-media; gyroscope; picture-in-picture; web-share\" referrerpolicy=\"strict-origin-when-cross-origin\" allowfullscreen><\/iframe>\n<\/div><figcaption class=\"wp-element-caption\">Bienvenue \u00e0 tous sur ma chaine ! Dans cette vid\u00e9o je vous parle de l\u2019influence de la pleine lune du mois de septembre 2024 qui va se d\u00e9rouler le 18 vers 04h35 du matin. Elle se produit \u00e0 25\u00b0 en signe des Poissons Je vous explique absolument tout sur ses aspects et son influences dans cette vid\u00e9o. Je vous souhaite \u00e0 tous un bon visionnage. Cette vid\u00e9o est une g\u00e9n\u00e9ralit\u00e9 pour vous apporter quelques pistes possibles, bien \u00e9videmment en personnel tout est \u00e0 nuancer car je ne connais pas votre th\u00e8me astral dans son enti\u00e8ret\u00e9 ni votre contexte de vie.<\/figcaption><\/figure>\n\n\n\n<p><\/p>\n<\/div>\n<\/div>\n<\/div>\n<\/div>\n<\/div>\n<\/div>\n","protected":false},"excerpt":{"rendered":"<p>La pleine lune en Poissons septembre 2024<\/p>\n","protected":false},"author":1,"featured_media":0,"parent":0,"menu_order":0,"comment_status":"closed","ping_status":"closed","template":"","meta":{"footnotes":""},"class_list":["post-13","page","type-page","status-publish","hentry"],"_links":{"self":[{"href":"https:\/\/www.thewildmoon.net\/index.php\/wp-json\/wp\/v2\/pages\/13","targetHints":{"allow":["GET"]}}],"collection":[{"href":"https:\/\/www.thewildmoon.net\/index.php\/wp-json\/wp\/v2\/pages"}],"about":[{"href":"https:\/\/www.thewildmoon.net\/index.php\/wp-json\/wp\/v2\/types\/page"}],"author":[{"embeddable":true,"href":"https:\/\/www.thewildmoon.net\/index.php\/wp-json\/wp\/v2\/users\/1"}],"replies":[{"embeddable":true,"href":"https:\/\/www.thewildmoon.net\/index.php\/wp-json\/wp\/v2\/comments?post=13"}],"version-history":[{"count":16,"href":"https:\/\/www.thewildmoon.net\/index.php\/wp-json\/wp\/v2\/pages\/13\/revisions"}],"predecessor-version":[{"id":382,"href":"https:\/\/www.thewildmoon.net\/index.php\/wp-json\/wp\/v2\/pages\/13\/revisions\/382"}],"wp:attachment":[{"href":"https:\/\/www.thewildmoon.net\/index.php\/wp-json\/wp\/v2\/media?parent=13"}],"curies":[{"name":"wp","href":"https:\/\/api.w.org\/{rel}","templated":true}]}}