{"id":253,"date":"2024-04-16T17:38:16","date_gmt":"2024-04-16T15:38:16","guid":{"rendered":"https:\/\/www.thewildmoon.net\/?page_id=253"},"modified":"2024-04-21T16:06:06","modified_gmt":"2024-04-21T14:06:06","slug":"cgv-et-mentions-legales","status":"publish","type":"page","link":"https:\/\/www.thewildmoon.net\/index.php\/cgv-et-mentions-legales\/","title":{"rendered":"CGV et Mentions l\u00e9gales"},"content":{"rendered":"\n<div class=\"wp-block-cover alignfull is-light\" style=\"padding-top:2%;min-height:30rem;aspect-ratio:unset;\"><span aria-hidden=\"true\" class=\"wp-block-cover__background has-background-dim-0 has-background-dim\" style=\"background-color:#ecdccb\"><\/span><img fetchpriority=\"high\" decoding=\"async\" width=\"1280\" height=\"720\" class=\"wp-block-cover__image-background wp-image-217\" alt=\"\" src=\"http:\/\/www.thewildmoon.net\/wp-content\/uploads\/2024\/04\/Banniere-Youtube-9-1.png\" style=\"object-position:48% 16%\" data-object-fit=\"cover\" data-object-position=\"48% 16%\" srcset=\"https:\/\/www.thewildmoon.net\/wp-content\/uploads\/2024\/04\/Banniere-Youtube-9-1.png 1280w, https:\/\/www.thewildmoon.net\/wp-content\/uploads\/2024\/04\/Banniere-Youtube-9-1-300x169.png 300w, https:\/\/www.thewildmoon.net\/wp-content\/uploads\/2024\/04\/Banniere-Youtube-9-1-1024x576.png 1024w, https:\/\/www.thewildmoon.net\/wp-content\/uploads\/2024\/04\/Banniere-Youtube-9-1-768x432.png 768w\" sizes=\"(max-width: 1280px) 100vw, 1280px\" \/><div class=\"wp-block-cover__inner-container has-global-padding is-layout-constrained wp-container-core-cover-is-layout-ee51f2d2 wp-block-cover-is-layout-constrained\">\n<div class=\"wp-block-group alignwide is-vertical is-content-justification-center is-layout-flex wp-container-core-group-is-layout-5e763914 wp-block-group-is-layout-flex\" style=\"min-height:8rem\">\n<div class=\"wp-block-group has-global-padding is-layout-constrained wp-container-core-group-is-layout-bea02a06 wp-block-group-is-layout-constrained\">\n<h2 class=\"wp-block-heading has-text-align-center has-text-color\" style=\"color:#040404;margin-top:0rem;margin-bottom:1.01rem;font-size:clamp(2.071rem, 2.071rem + ((1vw - 0.2rem) * 2.98), 3.71rem);font-style:normal;font-weight:400;line-height:1;text-transform:capitalize\"> mentions l\u00e9gales et conditions g\u00e9n\u00e9rales des ventes <\/h2>\n<\/div>\n<\/div>\n<\/div><\/div>\n\n\n\n<h2 class=\"wp-block-heading has-text-align-center\"><strong>Mentions l\u00e9gales<\/strong><\/h2>\n\n\n\n<section class=\"wp-block-group alignfull has-text-color has-global-padding is-layout-constrained wp-container-core-group-is-layout-4252d6ba wp-block-group-is-layout-constrained\" style=\"color:#03081e;margin-top:0px;padding-top:6.51rem;padding-right:1rem;padding-bottom:5.5rem;padding-left:1rem;font-size:clamp(0.875rem, 0.875rem + ((1vw - 0.2rem) * 0.464), 1.13rem);font-style:normal;font-weight:400;line-height:1.4\">\n<h2 class=\"wp-block-heading has-text-align-center has-text-color has-bayon-font-family\" style=\"color:#343534;font-size:clamp(26.465px, 1.654rem + ((1vw - 3.2px) * 2.106), 45px);font-style:normal;font-weight:500;letter-spacing:3px\"><strong>Article 1 propri\u00e9t\u00e9 et contenu du site<\/strong><\/h2>\n\n\n\n<p class=\"has-text-align-center has-medium-font-size\" style=\"text-decoration:underline\"><strong>The Wild Moon est une marque d\u00e9pos\u00e9e.<\/strong><\/p>\n\n\n\n<p class=\"has-text-align-left\">Le pr\u00e9sent site est la propri\u00e9t\u00e9 de The Wild Moon dont la cr\u00e9atrice est Joy Guiraudon, entrepreneur individuel dont le num\u00e9ro de SIRET est le&nbsp;: 927555482 et dont l\u2019\u00e9tablissement du si\u00e8ge se trouve au 13 rue Henri Rol Tanguy 77500 Chelles.<\/p>\n\n\n\n<p>Tous les textes, illustrations, images, s\u00e9quences vid\u00e9o, sons, ainsi que toutes les applications informatiques qui pourraient \u00eatre utilis\u00e9es pour faire fonctionner ce site et plus g\u00e9n\u00e9ralement tous les \u00e9l\u00e9ments reproduits ou utilis\u00e9s sur le site sont prot\u00e9g\u00e9s par les lois en vigueur au titre de la propri\u00e9t\u00e9 intellectuelle. <\/p>\n\n\n\n<p>Ils sont la propri\u00e9t\u00e9 pleine et enti\u00e8re de The Wild Moon. Toute utilisation ou reproduction partielle ou totale, sur quelque support que ce soit de ces \u00e9l\u00e9ments sont formellement interdites et son constitutives de contrefa\u00e7on sanctionn\u00e9e par les articles L335-2 et suivants du Code de la Propri\u00e9t\u00e9 Intellectuelle. Les \u00e9l\u00e9ments visuels (Logos, textes, images, user interface, charte graphique) et bases de donn\u00e9es pr\u00e9sents sur le pr\u00e9sent site sont la propri\u00e9t\u00e9 exclusive de The Wild Moon, sont prot\u00e9g\u00e9s par les droits de propri\u00e9t\u00e9 intellectuelle.\u00a0<\/p>\n\n\n\n<p>Toute reproduction, repr\u00e9sentation et toute diffusion de ces \u00e9l\u00e9ments, sans autorisation \u00e9crite pr\u00e9alable de The Wild Moon exposent les contrevenants \u00e0 des poursuites judiciaires. <\/p>\n\n\n\n<p>The Wild Moon se r\u00e9serve le droit de poursuivre en justice tout acte de contrefa\u00e7on, concurrence d\u00e9loyale commis \u00e0 son \u00e9gard et plus g\u00e9n\u00e9ralement tout acte portant atteinte \u00e0 ses droits.&nbsp;<\/p>\n\n\n\n<h2 class=\"wp-block-heading has-text-align-center has-text-color has-bayon-font-family\" style=\"color:#343534;font-size:clamp(26.465px, 1.654rem + ((1vw - 3.2px) * 2.106), 45px);font-style:normal;font-weight:500;letter-spacing:3px\"><strong>Article 2 gestion du site<\/strong><\/h2>\n\n\n\n<p>Le Site est accessible 7j\/7 et 24h\/24, sous r\u00e9serve des cas de force majeure et des p\u00e9riodes de maintenance choisies par The Wild Moon.<br>Si un probl\u00e8me technique venait \u00e0 rendre impossible l\u2019acc\u00e8s au Site, The Wild Moon s\u2019engage \u00e0 mettre en \u0153uvre tous les moyens raisonnables \u00e0 sa disposition pour trouver et appliquer des solutions techniques afin que l\u2019acc\u00e8s au site soit r\u00e9tabli. Pour la bonne gestion du site, The Wild Moon pourra \u00e0 tout moment : <\/p>\n\n\n\n<p>Suspendre, interrompre ou limiter l\u2019acc\u00e8s \u00e0 tout ou partie du site, r\u00e9server l\u2019acc\u00e8s au site, ou \u00e0 certaines parties du site, \u00e0 une cat\u00e9gorie d\u00e9termin\u00e9e d\u2019internautes :<\/p>\n\n\n\n<ul class=\"wp-block-list\">\n<li>Supprimer toute information pouvant en perturber le fonctionnement ou entrant en contravention avec les lois nationales ou internationales ;<\/li>\n\n\n\n<li>Suspendre le site afin de proc\u00e9der \u00e0 des mises \u00e0 jour <\/li>\n<\/ul>\n\n\n\n<p>Le Client est seul responsable du bon fonctionnement du mat\u00e9riel informatique qui lui permet l\u2019acc\u00e8s au Site. The Wild Moon ne pourra pas \u00eatre tenu responsable du fait des \u00e9ventuelles difficult\u00e9s du client \u00e0 acc\u00e9der au site li\u00e9es au mat\u00e9riel informatique du client.\u00a0 La responsabilit\u00e9 de The Wild Moon ne peut \u00eatre engag\u00e9e en cas de d\u00e9faillance, panne, difficult\u00e9 ou interruption de fonctionnement, emp\u00eachant l\u2019acc\u00e8s au site ou \u00e0 une de ses fonctionnalit\u00e9s. Le mat\u00e9riel de connexion au site que vous utilisez est sous votre enti\u00e8re responsabilit\u00e9. Vous devez prendre toutes les mesures appropri\u00e9es pour prot\u00e9ger votre mat\u00e9riel et vos propres donn\u00e9es notamment d\u2019attaques virales par Internet. Vous \u00eates par ailleurs seul responsable des sites et donn\u00e9es que vous consultez.<\/p>\n\n\n\n<p>The Wild Moon ne pourra \u00eatre tenu responsable en cas de poursuites judiciaires \u00e0 votre encontre :<\/p>\n\n\n\n<ul class=\"wp-block-list\">\n<li>du fait de l\u2019usage du site ou de tout service accessible via Internet.<\/li>\n\n\n\n<li>du fait du non-respect par vous des pr\u00e9sentes conditions g\u00e9n\u00e9rales.<\/li>\n<\/ul>\n\n\n\n<p>The Wild Moon n\u2019est pas responsable des dommages caus\u00e9s \u00e0 vous-m\u00eame, \u00e0 des tiers et\/ou \u00e0 votre \u00e9quipement du fait de votre connexion ou de votre utilisation du site et vous renoncez \u00e0 toute action contre elle de ce fait. Si The Wild Moon venait \u00e0 faire l\u2019objet d\u2019une proc\u00e9dure amiable ou judiciaire en raison de votre utilisation du site, elle pourra se retourner contre vous pour obtenir l\u2019indemnisation de tous les pr\u00e9judices, sommes, condamnations et frais qui pourraient d\u00e9couler de cette proc\u00e9dure. Les pr\u00e9sentes Mentions L\u00e9gales sont r\u00e9gies par la loi fran\u00e7aise. En cas de diff\u00e9rend et \u00e0 d\u00e9faut d\u2019accord amiable, le litige sera port\u00e9 devant les tribunaux fran\u00e7ais conform\u00e9ment aux r\u00e8gles de comp\u00e9tences en vigueur.<\/p>\n\n\n\n<h2 class=\"wp-block-heading has-text-align-center has-text-color has-bayon-font-family\" style=\"color:#343534;font-size:clamp(26.465px, 1.654rem + ((1vw - 3.2px) * 2.106), 45px);font-style:normal;font-weight:500;letter-spacing:3px\"><strong>Article 3 politique de confidentialit\u00e9, cookies et utilisation des donn\u00e9es personnelles<\/strong><\/h2>\n\n\n\n<p>Depuis le 25 mai 2018, le nouveau r\u00e8glement europ\u00e9en sur la protection des donn\u00e9es personnelles (RGPD) est entr\u00e9 en vigueur. Il compl\u00e8te la loi Informatique et Libert\u00e9s du 6 janvier 1978. Son objectif : permettre de mieux contr\u00f4ler l\u2019utilisation qui est faite des donn\u00e9es personnelles du client. C\u2019est pourquoi The Wild Moon s\u2019engage \u00e0 respecter la confidentialit\u00e9 des renseignements personnels collect\u00e9s. The Wild Moon demande que les donn\u00e9es n\u00e9cessaires. Les informations et donn\u00e9es \u00e0 caract\u00e8re personnel susceptibles d\u2019\u00eatre collect\u00e9es sur le pr\u00e9sent site sont exclusivement destin\u00e9es au traitement de votre demande par The Wild Moon. Les donn\u00e9es \u00e0 caract\u00e8re personnel sont des renseignements sur une personne en particulier, sous quelques formats qu\u2019ils soient enregistr\u00e9s. Les donn\u00e9es \u00e0 caract\u00e8re personnel comprennent des renseignements tels que vos noms et pr\u00e9noms, date, heure et lieu de naissance, adresse de facturation, adresse \u00e9lectronique, adresse postale, coordonn\u00e9es de la carte de cr\u00e9dit ou de d\u00e9bit, etc.<\/p>\n\n\n\n<p>La collecte des donn\u00e9es \u00e0 caract\u00e8re personnel pour les prestations propos\u00e9es par le site https:\/\/www.Thewildmoon.net\u00a0ainsi que leur traitement sont effectu\u00e9s dans le respect de la loi \u00ab Informatique, Fichiers et Libert\u00e9s \u00bb du 6 janvier 1978 modifi\u00e9e et ses d\u00e9crets d\u2019application.<\/p>\n\n\n\n<p>Les donn\u00e9es \u00e0 caract\u00e8re personnel ne pourront pas \u00eatre utilis\u00e9es ni diffus\u00e9es \u00e0 des fins autres que celles pour lesquelles elles ont \u00e9t\u00e9 recueillies, sauf si vous donnez votre accord en ce sens ou si la loi l\u2019exige ou l\u2019autorise.&nbsp; Elles ne seront conserv\u00e9es que pendant le temps n\u00e9cessaire \u00e0 la r\u00e9alisation de ces fins ou pendant le d\u00e9lai pr\u00e9vu par la loi.&nbsp;<\/p>\n\n\n\n<p>Vous garderez un droit de regard sur vos informations. Vous pourriez y acc\u00e9der, les rectifier, demander leur modification et suppression et exercer votre droit \u00e0 la limitation du traitement.&nbsp; \u00c0 tout moment, vous pouvez exercer ce droit en contactant&nbsp;:&nbsp;https:\/\/www.Thewildmoon.net&nbsp; \u00e0 l\u2019adresse suivante&nbsp;:&nbsp;contact@thewildmoon.net<\/p>\n\n\n\n<p>Aussi, vous pouvez retirer votre consentement au traitement de vos donn\u00e9es \u00e0 tout moment ou vous opposer au traitement de vos donn\u00e9es. Vous pouvez \u00e9galement exercer un droit \u00e0 la portabilit\u00e9 sur vos donn\u00e9es personnelles.<\/p>\n\n\n\n<p>Si apr\u00e8s avoir nous avoir contact\u00e9, vous constatez que vos droits \u00ab&nbsp;Informatiques et Libert\u00e9s&nbsp;\u00bb ne sont pas respect\u00e9s, vous pourrez adresser une r\u00e9clamation \u00e0 la Commission nationale de l\u2019Informatique et des Libert\u00e9s ou CNIL, 3 Places de Fontenoy, 75007 Paris.<\/p>\n\n\n\n<p>Les visiteurs du site sont inform\u00e9s que pour les besoins de la navigation sur le site&nbsp;TheWildmoon.net, The Wild Moon peut avoir recours \u00e0 la collecte automatique de certaines informations relatives aux utilisateurs \u00e0 l\u2019aide des cookies. Si l\u2019utilisateur du site ne souhaite pas l\u2019utilisation de cookies par&nbsp;TheWildmoon.net, il peut refuser l\u2019activation des cookies par le biais des options propos\u00e9s par son navigateur internet. Pour des raisons techniques, si l\u2019utilisateur d\u00e9sactive les cookies dans son navigateur, certaines prestations propos\u00e9es sur le site&nbsp;Thewildmoon.net&nbsp; pourront ne pas lui \u00eatre accessibles. Les cookies sont collect\u00e9s lorsque le client navigue sur The Wild Moon. Leur seul but est d\u2019enregistrer des informations relatives \u00e0 la navigation de l\u2019utilisateur \u00e0 des fins de statistiques et d\u2019am\u00e9lioration de service. Ils permettent \u00e9galement une reconnexion plus facile en \u00e9vitant \u00e0 l\u2019utilisateur de saisir \u00e0 nouveau certaines informations pr\u00e9alablement demand\u00e9es. L\u2019utilisateur est inform\u00e9 qu\u2019il a la possibilit\u00e9 de les neutraliser ou de les supprimer de son disque dur.<\/p>\n\n\n\n<p>Les donn\u00e9es personnelles collect\u00e9es sont recueillies au travers de formulaires le tout \u00e0 des fins de suivi client, mais \u00e9galement pour le traitement de vos commandes pour effectuer les th\u00e8mes astraux, la participation \u00e0 des conf\u00e9rences et \u00e9v\u00e9nements. Les donn\u00e9es client ne sont ni \u00e9chang\u00e9es, ni vendues. Ces donn\u00e9es sont uniquement destin\u00e9es \u00e0 The Wild Moon pour l\u2019ex\u00e9cution et l\u2019envoi des commandes. Jamais elles ne sont \u00e9chang\u00e9es ou vendues. Le client conserve le contr\u00f4le de ses donn\u00e9es.<\/p>\n\n\n\n<h2 class=\"wp-block-heading has-text-align-center has-text-color has-bayon-font-family\" style=\"color:#343534;font-size:clamp(26.465px, 1.654rem + ((1vw - 3.2px) * 2.106), 45px);font-style:normal;font-weight:500;letter-spacing:3px\"><strong>Article 4 M\u00e9diation de la consommation<\/strong><\/h2>\n\n\n\n<p>Conform\u00e9ment aux dispositions des articles L 611-1 et R 612-1 et suivants du Code de la Consommation concernant le r\u00e8glement amiable des litiges : Lorsque le consommateur a adress\u00e9 une r\u00e9clamation \u00e9crite au professionnel et qu\u2019il n\u2019a pas obtenu satisfaction ou de r\u00e9ponse dans un d\u00e9lai de deux mois, il peut soumettre gratuitement sa r\u00e9clamation au m\u00e9diateur de la consommation. Le m\u00e9diateur doit \u00eatre saisi dans le d\u00e9lai maximal d\u2019un an \u00e0 compter de la r\u00e9clamation initiale.<\/p>\n\n\n\n<p>Le m\u00e9diateur MCP MEDIATION peut \u00eatre saisi directement en ligne \u00e0 l&#8217;adresse suivante :&nbsp;<a href=\"http:\/\/www.mcpmediation.org\/\" target=\"_blank\" rel=\"noreferrer noopener\">www.mcpmediation.org<\/a> ou par courrier M\u00c9DIATION DE LA CONSOMMATION &amp; PATRIMOINE &#8211; 12 Square Desnouettes &#8211; 75015 PARIS.<\/p>\n\n\n\n<h2 class=\"wp-block-heading has-text-align-center has-text-color has-bayon-font-family\" style=\"color:#343534;font-size:clamp(26.465px, 1.654rem + ((1vw - 3.2px) * 2.106), 45px);font-style:normal;font-weight:500;letter-spacing:3px\"><strong>Conditions g\u00e9n\u00e9rales de vente<\/strong><\/h2>\n\n\n\n<p>L\u2019acheteur d\u00e9clare \u00eatre \u00e2g\u00e9 d\u2019au moins 18 ans et avoir la capacit\u00e9 juridique lui permettant d\u2019effectuer une commande par l\u2019interm\u00e9diaire du site TheWildMoon.net. En validant sa commande, le client d\u00e9clare accepter sans r\u00e9serve les termes de celle-ci ainsi que les pr\u00e9sentes conditions g\u00e9n\u00e9rales de vente et d\u00e9clare avoir la capacit\u00e9 de conclure un contrat avec le vendeur.<br><br>The Wild Moon commercialise sur son site internet Thewildmoon.net des services tels que des th\u00e8mes astraux, des consultations en ligne, des modules de formation, des conf\u00e9rences en ligne.<\/p>\n\n\n\n<h2 class=\"wp-block-heading has-text-align-center has-text-color has-bayon-font-family\" style=\"color:#343534;font-size:clamp(26.465px, 1.654rem + ((1vw - 3.2px) * 2.106), 45px);font-style:normal;font-weight:500;letter-spacing:3px\"><strong>Tarifs<\/strong><\/h2>\n\n\n\n<p class=\"has-text-align-center has-text-color has-poppins-font-family\" style=\"color:#000000;font-size:clamp(14px, 0.875rem + ((1vw - 3.2px) * 0.227), 16px);\">Les prix des produits sont indiqu\u00e9s en euros TTC. The Wild Moon se r\u00e9serve le droit de modifier ses prix \u00e0 tout moment. Le prix en vigueur est celui affich\u00e9 sur le site au moment de la validation de la commande sur le site par le Client.<\/p>\n\n\n\n<h2 class=\"wp-block-heading has-text-align-center has-text-color has-bayon-font-family\" style=\"color:#343534;font-size:clamp(26.465px, 1.654rem + ((1vw - 3.2px) * 2.106), 45px);font-style:normal;font-weight:500;letter-spacing:3px\"><strong>Commandes et paiements<\/strong><\/h2>\n\n\n\n<p>Les commandes s\u2019effectuent par Internet, via le site internet par formulaire. Une description d\u00e9taill\u00e9e des offres est disponible sur le site dans la rubrique \u00ab Faire mon th\u00e8me astral \u00bb qui permet de s\u00e9lectionner la prestation de votre choix.<\/p>\n\n\n\n<p>Pour passer commande, le client s\u00e9lectionne la formule qu\u2019il souhaite commander en cliquant sur le bouton \u00ab R\u00e9server \u00bb et indique la date et l\u2019heure qu\u2019il souhaite pour l\u2019ex\u00e9cution de la prestation puis fournit apr\u00e8s avoir cliqu\u00e9 sur \u201csuivant\u201d les informations relatives \u00e0 son identification et au mode de paiement.&nbsp; Avant de cliquer sur le bouton \u00ab Payer \u00bb, le client a la possibilit\u00e9 de v\u00e9rifier le d\u00e9tail de sa commande et son prix total et de revenir aux pages pr\u00e9c\u00e9dentes pour corriger d\u2019\u00e9ventuelles erreurs. La confirmation de la commande entra\u00eene l\u2019acceptation des CGV. Un courrier \u00e9lectronique accusant r\u00e9ception de la commande et de son paiement est envoy\u00e9 par The Wild Moon dans les meilleurs d\u00e9lais.<\/p>\n\n\n\n<p>Pour toutes les s\u00e9ances le paiement devra \u00eatre r\u00e9alis\u00e9 en amont de la s\u00e9ance au moment de la r\u00e9servation. Aucun rendez-vous ne pourra \u00eatre r\u00e9serv\u00e9 sans validation du paiement. Une fois le virement effectu\u00e9, la prise de rendez-vous est confirm\u00e9e.<\/p>\n\n\n\n<p>Le paiement de la commande se fait en Euros, par mode de paiement s\u00e9curis\u00e9, par Paypal ou par carte bancaire (Visa, American express, Eurocard\/Mastercard etc.) en compl\u00e9tant les champs pr\u00e9vus \u00e0 cet effet. Aucune autre m\u00e9thode de paiement ne sera accept\u00e9e.<\/p>\n\n\n\n<p>Conform\u00e9ment \u00e0 l\u2019article L.132-2 du Code mon\u00e9taire et financier, le client est inform\u00e9 que l\u2019engagement de payer, donn\u00e9 par carte bancaire est irr\u00e9vocable. En communiquant ses informations bancaires lors de la passation de commande, le client autorise The Wild Moon \u00e0 d\u00e9biter sa carte du montant relatif au prix indiqu\u00e9. Le client confirme qu\u2019il est bien le titulaire l\u00e9gal de la carte \u00e0 d\u00e9biter et qu\u2019il est l\u00e9galement en droit d\u2019en faire usage.&nbsp;<\/p>\n\n\n\n<p>The Wild Moon se r\u00e9serve le droit, en cas de non-respect des conditions de paiement figurant ci-dessus, de suspendre ou d\u2019annuler la fourniture des services command\u00e9s par le client. Le client ne pourra pas solliciter une indemnisation ou remboursement de ce chef.<\/p>\n\n\n\n<p>Une facture est \u00e9tablie pour toute prestation de services dont le prix est \u00e9gal ou sup\u00e9rieure \u00e0 25 euros et un exemplaire est remis au client apr\u00e8s paiement de la commande en pi\u00e8ce jointe par mail.<\/p>\n\n\n\n<p>Les informations communiqu\u00e9es par le client lors de la passation de commande engagent celui-ci. Ainsi, la responsabilit\u00e9 de The Wild Moon ne saurait \u00eatre engag\u00e9e dans l\u2019\u00e9ventualit\u00e9 o\u00f9 une erreur lors de la passation de la commande emp\u00eacherait ou retarderait l\u2019ex\u00e9cution des services.<\/p>\n\n\n\n<p>La commande peut \u00eatre r\u00e9solue par The Wild Moon en cas :&nbsp;<\/p>\n\n\n\n<ul class=\"wp-block-list\">\n<li>de non-paiement du prix \u00e0 sa date d\u2019exigibilit\u00e9 ;<\/li>\n\n\n\n<li>de comportement inappropri\u00e9 du Client envers The Wild Moon.<\/li>\n<\/ul>\n\n\n\n<p>The Wild Moon se r\u00e9serve le droit d&#8217;annuler une prestation et de rembourser la personne si les questions n&#8217;ont pas \u00e9t\u00e9 correctement remplies, s\u2019il manque des \u00e9l\u00e9ments, si les demandes sont erron\u00e9es ou inadapt\u00e9es. Merci de bien relire votre formulaire lors de l\u2019achat afin de vous assurer que toutes les informations de coordonn\u00e9es de naissance soient justes, le but n\u2019est pas de travailler sur un th\u00e8me astral erron\u00e9. The Wild Moon se r\u00e9serve le droit d\u2019annuler ou de refuser toute commande d\u2019un client avec lequel il existerait un litige relatif au paiement d\u2019une commande ant\u00e9rieure sur le site thewildmoon.net.<\/p>\n\n\n\n<h2 class=\"wp-block-heading has-text-align-center has-text-color has-bayon-font-family\" style=\"color:#343534;font-size:clamp(26.465px, 1.654rem + ((1vw - 3.2px) * 2.106), 45px);font-style:normal;font-weight:500;letter-spacing:3px\"><strong>Modification de la Commande&nbsp;<\/strong><\/h2>\n\n\n\n<p class=\"has-text-align-center has-text-color has-poppins-font-family\" style=\"color:#000000;font-size:clamp(14px, 0.875rem + ((1vw - 3.2px) * 0.227), 16px);\">Les Commandes sont d\u00e9finitives et irr\u00e9vocables, toute demande de modifications du service command\u00e9 par le client doit \u00eatre soumise \u00e0 l\u2019acceptation de The Wild Moon.<\/p>\n\n\n\n<h2 class=\"wp-block-heading has-text-align-center has-text-color has-bayon-font-family\" style=\"color:#343534;font-size:clamp(26.465px, 1.654rem + ((1vw - 3.2px) * 2.106), 45px);font-style:normal;font-weight:500;letter-spacing:3px\"><strong>R\u00e9tractation<\/strong><\/h2>\n\n\n\n<p>De par la nature des services aucun droit de r\u00e9tractation n\u2019est possible une fois ceux-ci effectu\u00e9s. <\/p>\n\n\n\n<p>Un droit de r\u00e9tractation est possible avant tout d\u00e9but des travaux. D\u00e8s commencement cependant l\u2019acompte sera d\u00fb. Conform\u00e9ment aux dispositions l\u00e9gales en vigueur, le client dispose d\u2019un d\u00e9lai de 14 jours \u00e0 compter du jour ouvrable suivant la conclusion de la commande pour exercer son droit de r\u00e9tractation aupr\u00e8s de The Wild Moon.&nbsp;Pour exercer ce droit il vous suffit de prendre contact avec moi \u00e0 Contact@Thewildmoon.net&nbsp;en m\u2019indiquant vos coordonn\u00e9es et les motifs de votre r\u00e9tractation.&nbsp;<\/p>\n\n\n\n<p>N\u00e9anmoins conform\u00e9ment aux dispositions de l\u2019article L.121-21-8 du Code de la Consommation, le droit de r\u00e9tractation ne s\u2019applique pas \u00e0 \u201cla fourniture d\u2019un contenu num\u00e9rique non fourni sur un support mat\u00e9riel dont l\u2019ex\u00e9cution a commenc\u00e9 apr\u00e8s accord pr\u00e9alable expr\u00e8s du consommateur et renoncement expr\u00e8s \u00e0 son droit de r\u00e9tractation\u201d.&nbsp;<\/p>\n\n\n\n<p>Le remboursement de la prestation interviendra dans un d\u00e9lai maximal de 14 jours \u00e0 compter de la date \u00e0 laquelle le droit de r\u00e9tractation aura valablement \u00e9t\u00e9 notifi\u00e9 par le client \u00e0 The Wild Moon. Le remboursement s\u2019effectue en utilisant le m\u00eame moyen de paiement que celui que le client a utilis\u00e9 pour la transaction initiale.<\/p>\n\n\n\n<h2 class=\"wp-block-heading has-text-align-center has-text-color has-bayon-font-family\" style=\"color:#343534;font-size:clamp(26.465px, 1.654rem + ((1vw - 3.2px) * 2.106), 45px);font-style:normal;font-weight:500;letter-spacing:3px\"><strong>Responsabilit\u00e9&nbsp;:<\/strong><\/h2>\n\n\n\n<p>La responsabilit\u00e9 de The Wild Moon ne peut pas \u00eatre engag\u00e9e en cas d\u2019inex\u00e9cution ou de mauvaise ex\u00e9cution du contrat due, soit au fait du client, soit au fait insurmontable et impr\u00e9visible d\u2019un tiers au contrat, soit \u00e0 la force majeure. <\/p>\n\n\n\n<p>Si le rendez-vous n&#8217;est pas honor\u00e9 et que cela rel\u00e8ve de votre responsabilit\u00e9, la somme reste due. Si vous souhaitez un nouveau rendez-vous, le montant de la prestation devra \u00e0 nouveau \u00eatre vers\u00e9, c\u2019est \u00e0 dire l\u2019int\u00e9gralit\u00e9 du montant correspondant \u00e0 la prestation.<\/p>\n<\/section>\n","protected":false},"excerpt":{"rendered":"<p>Mentions l\u00e9gales Article 1 propri\u00e9t\u00e9 et contenu du site The Wild Moon est une marque d\u00e9pos\u00e9e. Le pr\u00e9sent site est la propri\u00e9t\u00e9 de The Wild Moon dont la cr\u00e9atrice est Joy Guiraudon, entrepreneur individuel dont le num\u00e9ro de SIRET est le&nbsp;: 927555482 et dont l\u2019\u00e9tablissement du si\u00e8ge se trouve au 13 rue Henri Rol Tanguy [&hellip;]<\/p>\n","protected":false},"author":1,"featured_media":0,"parent":0,"menu_order":0,"comment_status":"closed","ping_status":"closed","template":"","meta":{"footnotes":""},"class_list":["post-253","page","type-page","status-publish","hentry"],"_links":{"self":[{"href":"https:\/\/www.thewildmoon.net\/index.php\/wp-json\/wp\/v2\/pages\/253","targetHints":{"allow":["GET"]}}],"collection":[{"href":"https:\/\/www.thewildmoon.net\/index.php\/wp-json\/wp\/v2\/pages"}],"about":[{"href":"https:\/\/www.thewildmoon.net\/index.php\/wp-json\/wp\/v2\/types\/page"}],"author":[{"embeddable":true,"href":"https:\/\/www.thewildmoon.net\/index.php\/wp-json\/wp\/v2\/users\/1"}],"replies":[{"embeddable":true,"href":"https:\/\/www.thewildmoon.net\/index.php\/wp-json\/wp\/v2\/comments?post=253"}],"version-history":[{"count":6,"href":"https:\/\/www.thewildmoon.net\/index.php\/wp-json\/wp\/v2\/pages\/253\/revisions"}],"predecessor-version":[{"id":353,"href":"https:\/\/www.thewildmoon.net\/index.php\/wp-json\/wp\/v2\/pages\/253\/revisions\/353"}],"wp:attachment":[{"href":"https:\/\/www.thewildmoon.net\/index.php\/wp-json\/wp\/v2\/media?parent=253"}],"curies":[{"name":"wp","href":"https:\/\/api.w.org\/{rel}","templated":true}]}}