{"id":6,"date":"2024-04-12T16:21:05","date_gmt":"2024-04-12T14:21:05","guid":{"rendered":"https:\/\/www.thewildmoon.net\/?page_id=6"},"modified":"2025-10-09T15:10:19","modified_gmt":"2025-10-09T13:10:19","slug":"accueil","status":"publish","type":"page","link":"https:\/\/www.thewildmoon.net\/","title":{"rendered":"Accueil"},"content":{"rendered":"\n<div class=\"wp-block-cover alignfull is-light\" style=\"min-height:610px;aspect-ratio:unset;\"><img fetchpriority=\"high\" decoding=\"async\" width=\"1280\" height=\"720\" class=\"wp-block-cover__image-background wp-image-200\" alt=\"\" src=\"https:\/\/www.thewildmoon.net\/wp-content\/uploads\/2024\/04\/Banniere-Youtube-9.png\" style=\"object-position:51% 8%\" data-object-fit=\"cover\" data-object-position=\"51% 8%\" srcset=\"https:\/\/www.thewildmoon.net\/wp-content\/uploads\/2024\/04\/Banniere-Youtube-9.png 1280w, https:\/\/www.thewildmoon.net\/wp-content\/uploads\/2024\/04\/Banniere-Youtube-9-300x169.png 300w, https:\/\/www.thewildmoon.net\/wp-content\/uploads\/2024\/04\/Banniere-Youtube-9-1024x576.png 1024w, https:\/\/www.thewildmoon.net\/wp-content\/uploads\/2024\/04\/Banniere-Youtube-9-768x432.png 768w\" sizes=\"(max-width: 1280px) 100vw, 1280px\" \/><span aria-hidden=\"true\" class=\"wp-block-cover__background has-black-background-color has-background-dim-0 has-background-dim\"><\/span><div class=\"wp-block-cover__inner-container has-global-padding is-layout-constrained wp-block-cover-is-layout-constrained\">\n<p><\/p>\n\n\n\n<h2 class=\"wp-block-heading has-text-align-center has-text-color\" style=\"color:#000000;font-size:clamp(48.19px, 3.012rem + ((1vw - 3.2px) * 5.319), 95px);\">TheWildMoon<\/h2>\n\n\n\n<h2 class=\"wp-block-heading has-text-align-center has-text-color\" style=\"color:#000000;font-size:clamp(48.19px, 3.012rem + ((1vw - 3.2px) * 5.319), 95px);\">Astrologue<\/h2>\n\n\n\n<p class=\"has-text-align-center has-inter-font-family has-large-font-size\">Consultation de th\u00e8me astral<\/p>\n<\/div><\/div>\n\n\n\n<div class=\"wp-block-cover alignfull is-light has-custom-color-2-color has-text-color\" style=\"margin-top:0px;margin-bottom:0px;padding-top:100px;padding-right:20px;padding-bottom:100px;padding-left:20px\"><span aria-hidden=\"true\" class=\"wp-block-cover__background has-custom-color-1-background-color has-background-dim-0 has-background-dim\"><\/span><div class=\"wp-block-cover__inner-container has-global-padding is-layout-constrained wp-container-core-cover-is-layout-47630ab8 wp-block-cover-is-layout-constrained\">\n<h2 class=\"wp-block-heading has-text-align-center has-text-color\" style=\"color:#000000;margin-top:0px;margin-right:0px;margin-bottom:16px;margin-left:0px;font-size:clamp(28.836px, 1.802rem + ((1vw - 3.2px) * 2.405), 50px);font-style:normal;font-weight:400;line-height:1.2\">Mes Services astro<\/h2>\n\n\n\n<hr class=\"wp-block-separator has-text-color has-alpha-channel-opacity has-background\" style=\"margin-top:0px;margin-bottom:50px;background-color:#ddc1a7;color:#ddc1a7\"\/>\n\n\n\n<div class=\"wp-block-columns is-layout-flex wp-container-core-columns-is-layout-13e94aa7 wp-block-columns-is-layout-flex\">\n<div class=\"wp-block-column is-layout-flow wp-container-core-column-is-layout-fe0e2ea3 wp-block-column-is-layout-flow\">\n<figure class=\"wp-block-image size-full has-custom-border\"><img decoding=\"async\" width=\"1080\" height=\"1080\" src=\"https:\/\/www.thewildmoon.net\/wp-content\/uploads\/2024\/04\/Lastrologie-4-1.png\" alt=\"\" class=\"wp-image-333\" style=\"border-radius:30px\" srcset=\"https:\/\/www.thewildmoon.net\/wp-content\/uploads\/2024\/04\/Lastrologie-4-1.png 1080w, https:\/\/www.thewildmoon.net\/wp-content\/uploads\/2024\/04\/Lastrologie-4-1-300x300.png 300w, https:\/\/www.thewildmoon.net\/wp-content\/uploads\/2024\/04\/Lastrologie-4-1-1024x1024.png 1024w, https:\/\/www.thewildmoon.net\/wp-content\/uploads\/2024\/04\/Lastrologie-4-1-150x150.png 150w, https:\/\/www.thewildmoon.net\/wp-content\/uploads\/2024\/04\/Lastrologie-4-1-768x768.png 768w\" sizes=\"(max-width: 1080px) 100vw, 1080px\" \/><\/figure>\n\n\n\n<h4 class=\"wp-block-heading has-text-color\" style=\"color:#000000;margin-top:1.75rem;font-size:clamp(18.959px, 1.185rem + ((1vw - 3.2px) * 1.255), 30px);font-style:normal;font-weight:400\">Formule : Aventure Astro<\/h4>\n\n\n\n<p>La formule aventure est une premi\u00e8re approche de ton th\u00e8me astral. Cette consultation se basera sur les dominantes de ton th\u00e8me&nbsp;: plan\u00e8tes, maisons et signes astrologique dominants et tes n\u0153uds lunaires&#8230;<\/p>\n\n\n\n<div class=\"wp-block-buttons is-layout-flex wp-block-buttons-is-layout-flex\">\n<div class=\"wp-block-button\"><a class=\"wp-block-button__link has-text-color has-background has-link-color wp-element-button\" href=\"https:\/\/www.thewildmoon.net\/index.php\/lecture-theme-astral\/\" style=\"color:#ffffff;background-color:#000000\">En savoir plus&#8230;<\/a><\/div>\n<\/div>\n<\/div>\n\n\n\n<div class=\"wp-block-column is-layout-flow wp-container-core-column-is-layout-fe0e2ea3 wp-block-column-is-layout-flow\">\n<figure class=\"wp-block-image size-full has-custom-border\"><img decoding=\"async\" width=\"1080\" height=\"1080\" src=\"https:\/\/www.thewildmoon.net\/wp-content\/uploads\/2024\/04\/Lastrologie-6.png\" alt=\"\" class=\"wp-image-334\" style=\"border-radius:30px\" srcset=\"https:\/\/www.thewildmoon.net\/wp-content\/uploads\/2024\/04\/Lastrologie-6.png 1080w, https:\/\/www.thewildmoon.net\/wp-content\/uploads\/2024\/04\/Lastrologie-6-300x300.png 300w, https:\/\/www.thewildmoon.net\/wp-content\/uploads\/2024\/04\/Lastrologie-6-1024x1024.png 1024w, https:\/\/www.thewildmoon.net\/wp-content\/uploads\/2024\/04\/Lastrologie-6-150x150.png 150w, https:\/\/www.thewildmoon.net\/wp-content\/uploads\/2024\/04\/Lastrologie-6-768x768.png 768w\" sizes=\"(max-width: 1080px) 100vw, 1080px\" \/><\/figure>\n\n\n\n<h4 class=\"wp-block-heading has-text-color\" style=\"color:#000000;margin-top:1.75rem;font-size:clamp(18.959px, 1.185rem + ((1vw - 3.2px) * 1.255), 30px);font-style:normal;font-weight:400\">Formule : Road trip Astro<\/h4>\n\n\n\n<p>Cette consultation est parfaite si tu veux comprendre les blocages et les sch\u00e9mas qui peuvent se r\u00e9p\u00e9ter et pourquoi. Elle est aussi parfaite pour se rendre compte de ses forces et de ses talents&#8230;<\/p>\n\n\n\n<div class=\"wp-block-buttons is-layout-flex wp-block-buttons-is-layout-flex\">\n<div class=\"wp-block-button\"><a class=\"wp-block-button__link has-text-color has-background has-link-color wp-element-button\" href=\"https:\/\/www.thewildmoon.net\/index.php\/lecture-theme-astral\/\" style=\"color:#ffffff;background-color:#000000\">En savoir plus&#8230;<\/a><\/div>\n<\/div>\n<\/div>\n\n\n\n<div class=\"wp-block-column is-layout-flow wp-container-core-column-is-layout-da1d6529 wp-block-column-is-layout-flow\">\n<figure class=\"wp-block-image size-full has-custom-border\"><img loading=\"lazy\" decoding=\"async\" width=\"1080\" height=\"1080\" src=\"https:\/\/www.thewildmoon.net\/wp-content\/uploads\/2025\/05\/Lastrologie-12-1.png\" alt=\"\" class=\"wp-image-398\" style=\"border-radius:30px\" srcset=\"https:\/\/www.thewildmoon.net\/wp-content\/uploads\/2025\/05\/Lastrologie-12-1.png 1080w, https:\/\/www.thewildmoon.net\/wp-content\/uploads\/2025\/05\/Lastrologie-12-1-300x300.png 300w, https:\/\/www.thewildmoon.net\/wp-content\/uploads\/2025\/05\/Lastrologie-12-1-1024x1024.png 1024w, https:\/\/www.thewildmoon.net\/wp-content\/uploads\/2025\/05\/Lastrologie-12-1-150x150.png 150w, https:\/\/www.thewildmoon.net\/wp-content\/uploads\/2025\/05\/Lastrologie-12-1-768x768.png 768w\" sizes=\"(max-width: 1080px) 100vw, 1080px\" \/><\/figure>\n\n\n\n<h4 class=\"wp-block-heading has-text-color\" style=\"color:#000000;margin-top:1.75rem;font-size:clamp(18.959px, 1.185rem + ((1vw - 3.2px) * 1.255), 30px);font-style:normal;font-weight:400\">La Boussole Astro<\/h4>\n\n\n\n<p class=\"has-text-color\" style=\"color:#000000;font-size:clamp(14px, 0.875rem + ((1vw - 3.2px) * 0.455), 18px);\">Cette consultation d&#8217;une dur\u00e9e de 1h est con\u00e7ue pour t&#8217;offrir une vision claire des influences de l&#8217;ann\u00e9e \u00e0 venir et \u00e0 t&#8217;aider \u00e0 avancer avec s\u00e9r\u00e9nit\u00e9 et d\u00e9termination.<\/p>\n\n\n\n<div class=\"wp-block-buttons is-layout-flex wp-block-buttons-is-layout-flex\">\n<div class=\"wp-block-button\"><a class=\"wp-block-button__link has-text-color has-background has-link-color wp-element-button\" href=\"https:\/\/www.thewildmoon.net\/index.php\/lecture-theme-astral\/\" style=\"color:#ffffff;background-color:#000000\">En savoir plus&#8230;<\/a><\/div>\n<\/div>\n<\/div>\n<\/div>\n<\/div><\/div>\n\n\n\n<div class=\"wp-block-group alignfull has-background has-global-padding is-layout-constrained wp-container-core-group-is-layout-6d8556d3 wp-block-group-is-layout-constrained\" style=\"background-color:#dec2a99e;margin-top:0px;margin-bottom:0px;padding-top:100px;padding-right:20px;padding-bottom:100px;padding-left:20px\">\n<div class=\"wp-block-columns alignwide is-layout-flex wp-container-core-columns-is-layout-9e1216ef wp-block-columns-is-layout-flex\" style=\"margin-top:0px;margin-bottom:100px\">\n<div class=\"wp-block-column is-vertically-aligned-center is-layout-flow wp-container-core-column-is-layout-3ca914a4 wp-block-column-is-layout-flow\" style=\"flex-basis:56%\">\n<h2 class=\"wp-block-heading has-text-align-center\"><strong>Qu&#8217;est-ce que l&#8217;Astrologie ?<\/strong><\/h2>\n\n\n\n<p class=\"has-text-align-center\">Tu connais peut-\u00eatre l&#8217;astrologie via les horoscopes mais sais-tu que l&#8217;astrologie est beaucoup plus pouss\u00e9e et beaucoup plus personnelle que \u00e7a&nbsp;? As-tu conscience que tu n&#8217;as pas seulement que ton signe solaire mais que tu es compos\u00e9 par plusieurs signes du zodiaque mais aussi par plusieurs plan\u00e8tes qui vont marquer ta personnalit\u00e9&nbsp;? \u00c0 mes yeux la vraie richesse de l&#8217;astrologie est l&#8217;\u00e9tude du th\u00e8me astral.<\/p>\n\n\n\n<p class=\"has-text-align-center\">Laisse-moi t&#8217;en dire plus\u2026<\/p>\n\n\n\n<h2 class=\"wp-block-heading has-text-align-center\" style=\"font-size:clamp(25.014px, 1.563rem + ((1vw - 3.2px) * 1.93), 42px);\"><strong>Qu\u2019est-ce que c&#8217;est le th\u00e8me astral ?<\/strong><\/h2>\n\n\n\n<p class=\"has-text-align-center\">Le th\u00e8me astral est \u00e9tabli en fonction de ta date, ton heure et ton lieu de naissance. \u00c0 ce moment pr\u00e9cis o\u00f9 tu es n\u00e9, les plan\u00e8tes \u00e9taient dispos\u00e9es dans certains signes du zodiaque et dans ce qu&#8217;on appelle les maisons astrologiques. Les maisons astrologiques sont au nombre de 12 comme les 12 signes du zodiaque, les maisons repr\u00e9sentent les champs d&#8217;exp\u00e9rience de ta vie.<\/p>\n\n\n\n<p class=\"has-text-align-center\">Tout comme chaque personne est unique le th\u00e8me astral c&#8217;est pareil, un th\u00e8me astral nous permet de mieux se rendre compte de notre singularit\u00e9. &nbsp;Le th\u00e8me astral c&#8217;est partir \u00e0 la rencontre de soi. C&#8217;est la carte de ton \u00e2me, c&#8217;est une carte qui permet de voir tous les potentiels et toutes les pr\u00e9dispositions que tu as en toi.<\/p>\n\n\n\n<div class=\"wp-block-buttons is-content-justification-center is-layout-flex wp-container-core-buttons-is-layout-a89b3969 wp-block-buttons-is-layout-flex\">\n<div class=\"wp-block-button is-style-outline is-style-outline--1\"><a class=\"wp-block-button__link has-text-color has-background has-border-color has-text-align-center has-custom-font-size wp-element-button\" href=\"https:\/\/www.thewildmoon.net\/index.php\/lecture-theme-astral\/\" style=\"border-color:#839376;border-width:1px;color:#f6f6f6;background-color:#000000;padding-top:11px;padding-right:30px;padding-bottom:11px;padding-left:30px;font-size:14px\">En d\u00e9couvrir plus&#8230;<\/a><\/div>\n<\/div>\n<\/div>\n\n\n\n<div class=\"wp-block-column is-layout-flow wp-block-column-is-layout-flow\" style=\"padding-top:0px;padding-right:0px;padding-bottom:0px;padding-left:0px\">\n<figure class=\"wp-block-image aligncenter size-full has-custom-border\"><img loading=\"lazy\" decoding=\"async\" width=\"1080\" height=\"1080\" src=\"http:\/\/www.thewildmoon.net\/wp-content\/uploads\/2024\/04\/Lastrologie-3.png\" alt=\"\" class=\"wp-image-295\" style=\"border-radius:30px;aspect-ratio:2\/3;object-fit:cover\" srcset=\"https:\/\/www.thewildmoon.net\/wp-content\/uploads\/2024\/04\/Lastrologie-3.png 1080w, https:\/\/www.thewildmoon.net\/wp-content\/uploads\/2024\/04\/Lastrologie-3-300x300.png 300w, https:\/\/www.thewildmoon.net\/wp-content\/uploads\/2024\/04\/Lastrologie-3-1024x1024.png 1024w, https:\/\/www.thewildmoon.net\/wp-content\/uploads\/2024\/04\/Lastrologie-3-150x150.png 150w, https:\/\/www.thewildmoon.net\/wp-content\/uploads\/2024\/04\/Lastrologie-3-768x768.png 768w\" sizes=\"(max-width: 1080px) 100vw, 1080px\" \/><\/figure>\n<\/div>\n<\/div>\n<\/div>\n\n\n\n<div class=\"wp-block-cover alignfull has-custom-color-2-color has-text-color\" style=\"margin-top:0;margin-bottom:0;padding-top:120px;padding-right:20px;padding-bottom:120px;padding-left:20px;min-height:50px;aspect-ratio:unset;\"><img loading=\"lazy\" decoding=\"async\" width=\"1920\" height=\"1080\" class=\"wp-block-cover__image-background wp-image-113\" alt=\"\" src=\"https:\/\/www.thewildmoon.net\/wp-content\/uploads\/2024\/04\/Banniere-Youtube-1.png\" style=\"object-position:55% 82%\" data-object-fit=\"cover\" data-object-position=\"55% 82%\" srcset=\"https:\/\/www.thewildmoon.net\/wp-content\/uploads\/2024\/04\/Banniere-Youtube-1.png 1920w, https:\/\/www.thewildmoon.net\/wp-content\/uploads\/2024\/04\/Banniere-Youtube-1-300x169.png 300w, https:\/\/www.thewildmoon.net\/wp-content\/uploads\/2024\/04\/Banniere-Youtube-1-1024x576.png 1024w, https:\/\/www.thewildmoon.net\/wp-content\/uploads\/2024\/04\/Banniere-Youtube-1-768x432.png 768w, https:\/\/www.thewildmoon.net\/wp-content\/uploads\/2024\/04\/Banniere-Youtube-1-1536x864.png 1536w\" sizes=\"(max-width: 1920px) 100vw, 1920px\" \/><span aria-hidden=\"true\" class=\"wp-block-cover__background has-black-background-color has-background-dim-10 has-background-dim\"><\/span><div class=\"wp-block-cover__inner-container has-global-padding is-layout-constrained wp-container-core-cover-is-layout-619827bf wp-block-cover-is-layout-constrained\">\n<h2 class=\"wp-block-heading has-text-align-center has-text-color\" style=\"color:#fefefe;font-size:clamp(21.536px, 1.346rem + ((1vw - 3.2px) * 1.53), 35px);font-style:normal;font-weight:400;letter-spacing:-2px;line-height:1.2\"><strong>Pr\u00eat(e) pour le voyage  ?<\/strong><\/h2>\n\n\n\n<div class=\"wp-block-buttons is-content-justification-center is-layout-flex wp-container-core-buttons-is-layout-a89b3969 wp-block-buttons-is-layout-flex\">\n<div class=\"wp-block-button\"><a class=\"wp-block-button__link has-text-color has-background has-custom-font-size wp-element-button\" href=\"https:\/\/www.thewildmoon.net\/index.php\/lecture-theme-astral\/\" style=\"border-width:1px;color:#536942;background-color:#ffd835;padding-top:17px;padding-right:40px;padding-bottom:17px;padding-left:40px;font-size:clamp(14px, 0.875rem + ((1vw - 3.2px) * 0.227), 16px);line-height:1\">Prendre rendez-vous<\/a><\/div>\n<\/div>\n<\/div><\/div>\n","protected":false},"excerpt":{"rendered":"<p>Qu&#8217;est-ce que l&#8217;Astrologie ? Tu connais peut-\u00eatre l&#8217;astrologie via les horoscopes mais sais-tu que l&#8217;astrologie est beaucoup plus pouss\u00e9e et beaucoup plus personnelle que \u00e7a&nbsp;? As-tu conscience que tu n&#8217;as pas seulement que ton signe solaire mais que tu es compos\u00e9 par plusieurs signes du zodiaque mais aussi par plusieurs plan\u00e8tes qui vont marquer ta [&hellip;]<\/p>\n","protected":false},"author":1,"featured_media":0,"parent":0,"menu_order":0,"comment_status":"closed","ping_status":"closed","template":"","meta":{"footnotes":""},"class_list":["post-6","page","type-page","status-publish","hentry"],"_links":{"self":[{"href":"https:\/\/www.thewildmoon.net\/index.php\/wp-json\/wp\/v2\/pages\/6","targetHints":{"allow":["GET"]}}],"collection":[{"href":"https:\/\/www.thewildmoon.net\/index.php\/wp-json\/wp\/v2\/pages"}],"about":[{"href":"https:\/\/www.thewildmoon.net\/index.php\/wp-json\/wp\/v2\/types\/page"}],"author":[{"embeddable":true,"href":"https:\/\/www.thewildmoon.net\/index.php\/wp-json\/wp\/v2\/users\/1"}],"replies":[{"embeddable":true,"href":"https:\/\/www.thewildmoon.net\/index.php\/wp-json\/wp\/v2\/comments?post=6"}],"version-history":[{"count":121,"href":"https:\/\/www.thewildmoon.net\/index.php\/wp-json\/wp\/v2\/pages\/6\/revisions"}],"predecessor-version":[{"id":413,"href":"https:\/\/www.thewildmoon.net\/index.php\/wp-json\/wp\/v2\/pages\/6\/revisions\/413"}],"wp:attachment":[{"href":"https:\/\/www.thewildmoon.net\/index.php\/wp-json\/wp\/v2\/media?parent=6"}],"curies":[{"name":"wp","href":"https:\/\/api.w.org\/{rel}","templated":true}]}}