{"id":9,"date":"2024-04-12T16:21:30","date_gmt":"2024-04-12T14:21:30","guid":{"rendered":"https:\/\/www.thewildmoon.net\/?page_id=9"},"modified":"2025-05-15T12:52:18","modified_gmt":"2025-05-15T10:52:18","slug":"qui-suis-je","status":"publish","type":"page","link":"https:\/\/www.thewildmoon.net\/index.php\/qui-suis-je\/","title":{"rendered":"Qui suis-je ?"},"content":{"rendered":"\n<div class=\"wp-block-cover alignfull is-light\" style=\"margin-top:0;margin-bottom:0;padding-top:0px;padding-bottom:80px;min-height:300px;aspect-ratio:unset;\"><img fetchpriority=\"high\" decoding=\"async\" width=\"1280\" height=\"720\" class=\"wp-block-cover__image-background wp-image-125\" alt=\"\" src=\"http:\/\/www.thewildmoon.net\/wp-content\/uploads\/2024\/04\/Banniere-Youtube-5-1.png\" style=\"object-position:53% 59%\" data-object-fit=\"cover\" data-object-position=\"53% 59%\" srcset=\"https:\/\/www.thewildmoon.net\/wp-content\/uploads\/2024\/04\/Banniere-Youtube-5-1.png 1280w, https:\/\/www.thewildmoon.net\/wp-content\/uploads\/2024\/04\/Banniere-Youtube-5-1-300x169.png 300w, https:\/\/www.thewildmoon.net\/wp-content\/uploads\/2024\/04\/Banniere-Youtube-5-1-1024x576.png 1024w, https:\/\/www.thewildmoon.net\/wp-content\/uploads\/2024\/04\/Banniere-Youtube-5-1-768x432.png 768w\" sizes=\"(max-width: 1280px) 100vw, 1280px\" \/><span aria-hidden=\"true\" class=\"wp-block-cover__background has-background-dim-0 has-background-dim\" style=\"background-color:#e9ceb0\"><\/span><div class=\"wp-block-cover__inner-container has-global-padding is-layout-constrained wp-container-core-cover-is-layout-d4c6b484 wp-block-cover-is-layout-constrained\">\n<div style=\"height:151px\" aria-hidden=\"true\" class=\"wp-block-spacer\"><\/div>\n\n\n\n<h1 class=\"wp-block-heading has-text-align-center has-text-color has-link-color has-suranna-font-family wp-elements-9f67e1aec836ba59aafdb949ef295eae\" style=\"color:#ffffff;font-size:clamp(38.682px, 2.418rem + ((1vw - 3.2px) * 3.786), 72px);font-style:normal;font-weight:500\">Qui suis-je ?<\/h1>\n<\/div><\/div>\n\n\n\n<section class=\"wp-block-group alignfull has-global-padding is-layout-constrained wp-container-core-group-is-layout-608bbd49 wp-block-group-is-layout-constrained\" style=\"margin-top:0px;padding-top:6rem;padding-right:1rem;padding-bottom:5rem;padding-left:1rem;font-size:clamp(0.875rem, 0.875rem + ((1vw - 0.2rem) * 0.464), 1.13rem);font-style:normal;font-weight:400;line-height:1.4\">\n<div class=\"wp-block-columns is-layout-flex wp-container-core-columns-is-layout-03ad6a19 wp-block-columns-is-layout-flex\" style=\"margin-bottom:0px\">\n<div class=\"wp-block-column is-vertically-aligned-center is-layout-flow wp-block-column-is-layout-flow\" style=\"flex-basis:50%\">\n<figure class=\"wp-block-image alignleft size-full\"><img decoding=\"async\" width=\"810\" height=\"810\" src=\"http:\/\/www.thewildmoon.net\/wp-content\/uploads\/2024\/04\/6.png\" alt=\"\" class=\"wp-image-127\" style=\"aspect-ratio:1;object-fit:cover\" srcset=\"https:\/\/www.thewildmoon.net\/wp-content\/uploads\/2024\/04\/6.png 810w, https:\/\/www.thewildmoon.net\/wp-content\/uploads\/2024\/04\/6-300x300.png 300w, https:\/\/www.thewildmoon.net\/wp-content\/uploads\/2024\/04\/6-150x150.png 150w, https:\/\/www.thewildmoon.net\/wp-content\/uploads\/2024\/04\/6-768x768.png 768w\" sizes=\"(max-width: 810px) 100vw, 810px\" \/><\/figure>\n<\/div>\n\n\n\n<div class=\"wp-block-column is-vertically-aligned-center has-global-padding is-layout-constrained wp-container-core-column-is-layout-c4a7d96a wp-block-column-is-layout-constrained\" style=\"flex-basis:50%\">\n<h3 class=\"wp-block-heading has-text-align-left has-text-color has-suranna-font-family\" style=\"color:#000000;margin-top:0.5rem;margin-bottom:0rem;font-size:clamp(24.034px, 1.502rem + ((1vw - 3.2px) * 1.814), 40px);font-style:normal;font-weight:500;letter-spacing:0px;line-height:1.3\">Qui est TheWildMoon ?<\/h3>\n\n\n\n<div style=\"height:20px\" aria-hidden=\"true\" class=\"wp-block-spacer\"><\/div>\n\n\n\n<p>Je m&#8217;appelle Joy j&#8217;ai 35 ans.<\/p>\n\n\n\n<p>Je suis une passionn\u00e9e dans l&#8217;\u00e2me beaucoup de sujets m&#8217;int\u00e9ressent, ma premi\u00e8re passion est bien s\u00fbr l&#8217;astrologie mais je suis \u00e9galement tr\u00e8s int\u00e9ress\u00e9e par les domaines qui touchent le d\u00e9veloppement personnel et la psychologie.<\/p>\n\n\n\n<p>J\u2019aime \u00e9norm\u00e9ment voyager et la musique a aussi une place tr\u00e8s importante dans ma vie.<\/p>\n\n\n\n<div style=\"height:20px\" aria-hidden=\"true\" class=\"wp-block-spacer\"><\/div>\n\n\n\n<p>Avant d\u2019\u00eatre astrologue j&#8217;ai \u00e9t\u00e9 manager d\u2019\u00e9quipe dans le commerce pendant 6 ans. Cette exp\u00e9rience m&#8217;a permis de d\u00e9velopper le sens du coaching mais elle m\u2019a aussi permis d\u2019acqu\u00e9rir beaucoup de recul sur le monde du travail et ses responsabilit\u00e9s afin d\u2019\u00eatre apte de pouvoir \u00e9changer avec vous l\u00e0-dessus lors de consultations si vous le d\u00e9sirez.<\/p>\n<\/div>\n<\/div>\n<\/section>\n\n\n\n<div class=\"wp-block-cover alignfull is-light\" style=\"padding-top:6rem;padding-bottom:6rem\"><span aria-hidden=\"true\" class=\"wp-block-cover__background has-background-dim-10 has-background-dim\" style=\"background-color:#e27013\"><\/span><div class=\"wp-block-cover__inner-container has-global-padding is-layout-constrained wp-container-core-cover-is-layout-5cbdda46 wp-block-cover-is-layout-constrained\">\n<h2 class=\"wp-block-heading has-text-align-center has-text-color has-link-color has-suranna-font-family wp-elements-b90bb99f225021cb3590c4f8ddea79ce\" style=\"color:#000000;font-size:clamp(24.034px, 1.502rem + ((1vw - 3.2px) * 1.814), 40px);font-style:normal;font-weight:500;letter-spacing:1px\">Une taureau Ascendant Poissons avec une Lune en Capricorne. Une conjonction Lune, Neptune, Uranus dominante, un Pluton en maison 8&#8230;<\/h2>\n\n\n\n<p class=\"has-text-align-center has-text-color has-link-color wp-elements-60925fb791a352ad40bd69d87a775b7b\" style=\"color:#000000;font-size:clamp(14px, 0.875rem + ((1vw - 3.2px) * 0.455), 18px);\">J&#8217;ai un certain sens de l&#8217;\u00e9coute et de l&#8217;empathie, depuis tr\u00e8s jeune je me suis toujours pos\u00e9 des questions sur notre existence sur terre, comment sommes-nous arriv\u00e9s l\u00e0 ? Des questionnements sur le sens de la vie, qu\u2019est-ce qui se cache de l&#8217;autre c\u00f4t\u00e9 du voile ? J&#8217;ai toujours \u00e9t\u00e9 fascin\u00e9e par les myst\u00e8res. Mais en \u00e9tant tr\u00e8s dominante de terre, mais aussi avec une dominante neptunienne j&#8217;ai une spiritualit\u00e9 tr\u00e8s ancr\u00e9e, j&#8217;ai surtout \u00e0 c\u0153ur de vous partager une astrologie responsable, avec une approche concr\u00e8te des choses.<\/p>\n<\/div><\/div>\n\n\n\n<section class=\"wp-block-group alignfull has-global-padding is-layout-constrained wp-container-core-group-is-layout-8202059b wp-block-group-is-layout-constrained\" style=\"margin-top:0px;padding-top:6rem;padding-right:1rem;padding-bottom:6rem;padding-left:1rem;font-size:clamp(0.875rem, 0.875rem + ((1vw - 0.2rem) * 0.464), 1.13rem);font-style:normal;font-weight:400;line-height:1.4\">\n<div class=\"wp-block-columns is-layout-flex wp-container-core-columns-is-layout-03ad6a19 wp-block-columns-is-layout-flex\" style=\"margin-bottom:0px\">\n<div class=\"wp-block-column is-vertically-aligned-center has-global-padding is-layout-constrained wp-container-core-column-is-layout-c4a7d96a wp-block-column-is-layout-constrained\" style=\"flex-basis:50%\">\n<h3 class=\"wp-block-heading has-text-align-left has-text-color has-suranna-font-family\" style=\"color:#010101;margin-top:0.5rem;margin-bottom:0rem;font-size:clamp(24.034px, 1.502rem + ((1vw - 3.2px) * 1.814), 40px);font-style:normal;font-weight:500;letter-spacing:0px;line-height:1.3\">Mon parcours en astrologie, une approche certifi\u00e9e<\/h3>\n\n\n\n<p class=\"has-text-align-left has-text-color has-pontano-sans-font-family\" style=\"color:#010101;margin-top:20px;margin-bottom:20px;font-size:clamp(14px, 0.875rem + ((1vw - 3.2px) * 0.455), 18px);font-style:normal;font-weight:400;line-height:1.5\">Je suis certifi\u00e9e de deux certificats d\u2019astrologie suite \u00e0 des formations aupr\u00e8s de Sonia Rudloff \u00e0 \u00ab\u00a0L\u2019Astrologie, Ecole de Sagesse\u00a0\u00bb <strong>\u00a9<\/strong><\/p>\n\n\n\n<p>J&#8217;y ai obtenu 2 certificats :<\/p>\n\n\n\n<p>1er certificat : Initiation \u00e0 l&#8217;astrologie<\/p>\n\n\n\n<p>2\u00e8me certificat : Session de perfectionnement<\/p>\n\n\n\n<div style=\"height:20px\" aria-hidden=\"true\" class=\"wp-block-spacer\"><\/div>\n\n\n\n<p>Avant d&#8217;\u00eatre en formation suivie j&#8217;ai \u00e9tudi\u00e9 l&#8217;astrologie en autodidacte avec des r\u00e9f\u00e9rences astrologiques comme : Andr\u00e9 Barbault, Dayne Rudhyar, Liz Green &#8230;<\/p>\n\n\n\n<p>Je m&#8217;int\u00e9resse aussi beaucoup \u00e0 la pens\u00e9e de Carl Gustav Jung.<\/p>\n<\/div>\n\n\n\n<div class=\"wp-block-column is-vertically-aligned-center is-layout-flow wp-block-column-is-layout-flow\" style=\"flex-basis:50%\">\n<figure class=\"wp-block-image alignright size-full has-custom-border\"><img decoding=\"async\" width=\"810\" height=\"810\" src=\"http:\/\/www.thewildmoon.net\/wp-content\/uploads\/2024\/04\/7.png\" alt=\"\" class=\"has-border-color has-tertiary-border-color wp-image-128\" style=\"border-width:1px;aspect-ratio:1;object-fit:cover\" srcset=\"https:\/\/www.thewildmoon.net\/wp-content\/uploads\/2024\/04\/7.png 810w, https:\/\/www.thewildmoon.net\/wp-content\/uploads\/2024\/04\/7-300x300.png 300w, https:\/\/www.thewildmoon.net\/wp-content\/uploads\/2024\/04\/7-150x150.png 150w, https:\/\/www.thewildmoon.net\/wp-content\/uploads\/2024\/04\/7-768x768.png 768w\" sizes=\"(max-width: 810px) 100vw, 810px\" \/><\/figure>\n<\/div>\n<\/div>\n<\/section>\n\n\n\n<section class=\"wp-block-cover alignfull is-light\" style=\"margin-top:0px;padding-top:1.01rem;padding-bottom:1.01rem;min-height:430px;aspect-ratio:unset;\"><img loading=\"lazy\" decoding=\"async\" width=\"1280\" height=\"720\" class=\"wp-block-cover__image-background wp-image-130\" alt=\"\" src=\"http:\/\/www.thewildmoon.net\/wp-content\/uploads\/2024\/04\/Banniere-Youtube-6.png\" style=\"object-position:55% 69%\" data-object-fit=\"cover\" data-object-position=\"55% 69%\" srcset=\"https:\/\/www.thewildmoon.net\/wp-content\/uploads\/2024\/04\/Banniere-Youtube-6.png 1280w, https:\/\/www.thewildmoon.net\/wp-content\/uploads\/2024\/04\/Banniere-Youtube-6-300x169.png 300w, https:\/\/www.thewildmoon.net\/wp-content\/uploads\/2024\/04\/Banniere-Youtube-6-1024x576.png 1024w, https:\/\/www.thewildmoon.net\/wp-content\/uploads\/2024\/04\/Banniere-Youtube-6-768x432.png 768w\" sizes=\"(max-width: 1280px) 100vw, 1280px\" \/><span aria-hidden=\"true\" class=\"wp-block-cover__background has-black-background-color has-background-dim-0 has-background-dim\"><\/span><div class=\"wp-block-cover__inner-container has-global-padding is-layout-constrained wp-container-core-cover-is-layout-b1bebcb3 wp-block-cover-is-layout-constrained\">\n<div class=\"wp-block-group has-text-color is-layout-flow wp-block-group-is-layout-flow\" style=\"color:#fffffd;margin-top:0px;padding-top:0rem;padding-right:1rem;padding-bottom:0rem;padding-left:1rem;font-size:clamp(0.875rem, 0.875rem + ((1vw - 0.2rem) * 0.464), 1.13rem);font-style:normal;font-weight:400;line-height:1.4\">\n<div class=\"wp-block-group has-global-padding is-layout-constrained wp-container-core-group-is-layout-bdbfdc43 wp-block-group-is-layout-constrained\">\n<p class=\"has-text-align-center has-text-color\" style=\"color:#fffffd;margin-bottom:0rem;font-size:clamp(1.352rem, 1.352rem + ((1vw - 0.2rem) * 1.542), 2.2rem);font-style:normal;font-weight:400;line-height:1.2\">R\u00e9serve ton analyse de th\u00e8me astral avec moi<\/p>\n<\/div>\n\n\n\n<div class=\"wp-block-group is-vertical is-content-justification-stretch is-layout-flex wp-container-core-group-is-layout-bfdebe91 wp-block-group-is-layout-flex\" style=\"margin-top:1.81rem;padding-right:0px;padding-left:0px\">\n<div class=\"wp-block-group has-global-padding is-content-justification-center is-layout-constrained wp-container-core-group-is-layout-2f0bcb29 wp-block-group-is-layout-constrained\" style=\"margin-top:0px\">\n<div class=\"wp-block-buttons is-horizontal is-content-justification-right is-layout-flex wp-container-core-buttons-is-layout-099266fd wp-block-buttons-is-layout-flex\" style=\"margin-top:0.51rem\">\n<div class=\"wp-block-button has-custom-width wp-block-button__width-100 is-style-fill\"><a class=\"wp-block-button__link has-text-color has-background has-custom-font-size wp-element-button\" href=\"https:\/\/www.thewildmoon.net\/index.php\/lecture-theme-astral\/\" style=\"border-style:none;border-width:0px;border-radius:0rem;color:#fffffd;background-color:#e27013;padding-top:0.71rem;padding-right:0.31rem;padding-bottom:0.71rem;padding-left:0.31rem;font-size:clamp(0.875rem, 0.875rem + ((1vw - 0.2rem) * 0.245), 1.01rem);font-style:normal;font-weight:600;line-height:1.5;text-transform:uppercase\">Faire mon th\u00e8me astral<\/a><\/div>\n<\/div>\n<\/div>\n<\/div>\n<\/div>\n<\/div><\/section>\n","protected":false},"excerpt":{"rendered":"<p>Qui est TheWildMoon ? Je m&#8217;appelle Joy j&#8217;ai 35 ans. Je suis une passionn\u00e9e dans l&#8217;\u00e2me beaucoup de sujets m&#8217;int\u00e9ressent, ma premi\u00e8re passion est bien s\u00fbr l&#8217;astrologie mais je suis \u00e9galement tr\u00e8s int\u00e9ress\u00e9e par les domaines qui touchent le d\u00e9veloppement personnel et la psychologie. J\u2019aime \u00e9norm\u00e9ment voyager et la musique a aussi une place tr\u00e8s [&hellip;]<\/p>\n","protected":false},"author":1,"featured_media":0,"parent":0,"menu_order":0,"comment_status":"closed","ping_status":"closed","template":"","meta":{"footnotes":""},"class_list":["post-9","page","type-page","status-publish","hentry"],"_links":{"self":[{"href":"https:\/\/www.thewildmoon.net\/index.php\/wp-json\/wp\/v2\/pages\/9","targetHints":{"allow":["GET"]}}],"collection":[{"href":"https:\/\/www.thewildmoon.net\/index.php\/wp-json\/wp\/v2\/pages"}],"about":[{"href":"https:\/\/www.thewildmoon.net\/index.php\/wp-json\/wp\/v2\/types\/page"}],"author":[{"embeddable":true,"href":"https:\/\/www.thewildmoon.net\/index.php\/wp-json\/wp\/v2\/users\/1"}],"replies":[{"embeddable":true,"href":"https:\/\/www.thewildmoon.net\/index.php\/wp-json\/wp\/v2\/comments?post=9"}],"version-history":[{"count":17,"href":"https:\/\/www.thewildmoon.net\/index.php\/wp-json\/wp\/v2\/pages\/9\/revisions"}],"predecessor-version":[{"id":393,"href":"https:\/\/www.thewildmoon.net\/index.php\/wp-json\/wp\/v2\/pages\/9\/revisions\/393"}],"wp:attachment":[{"href":"https:\/\/www.thewildmoon.net\/index.php\/wp-json\/wp\/v2\/media?parent=9"}],"curies":[{"name":"wp","href":"https:\/\/api.w.org\/{rel}","templated":true}]}}